{"id":706,"date":"2020-11-25T14:00:50","date_gmt":"2020-11-25T14:00:50","guid":{"rendered":"https:\/\/fr.itchapter.com\/?page_id=706"},"modified":"2022-04-24T21:18:56","modified_gmt":"2022-04-24T21:18:56","slug":"carrieres","status":"publish","type":"page","link":"http:\/\/itchapters.com\/france\/carrieres\/","title":{"rendered":"CARRI\u00c8RES"},"content":{"rendered":"\t\t<div data-elementor-type=\"wp-page\" data-elementor-id=\"706\" class=\"elementor elementor-706\">\n\t\t\t\t\t\t\t\t\t<section class=\"elementor-section elementor-top-section elementor-element elementor-element-51565f8 elementor-section-height-min-height elementor-section-boxed elementor-section-height-default elementor-section-items-middle\" data-id=\"51565f8\" data-element_type=\"section\" data-settings=\"{&quot;background_background&quot;:&quot;classic&quot;}\">\n\t\t\t\t\t\t<div class=\"elementor-container elementor-column-gap-default\">\n\t\t\t\t\t<div class=\"elementor-column elementor-col-100 elementor-top-column elementor-element elementor-element-22f407c\" data-id=\"22f407c\" data-element_type=\"column\">\n\t\t\t<div class=\"elementor-widget-wrap elementor-element-populated\">\n\t\t\t\t\t\t\t\t<div class=\"elementor-element elementor-element-6dea803 elementor-widget elementor-widget-heading\" data-id=\"6dea803\" data-element_type=\"widget\" data-widget_type=\"heading.default\">\n\t\t\t\t<div class=\"elementor-widget-container\">\n\t\t\t<style>\/*! elementor - v3.6.5 - 27-04-2022 *\/\n.elementor-heading-title{padding:0;margin:0;line-height:1}.elementor-widget-heading .elementor-heading-title[class*=elementor-size-]>a{color:inherit;font-size:inherit;line-height:inherit}.elementor-widget-heading .elementor-heading-title.elementor-size-small{font-size:15px}.elementor-widget-heading .elementor-heading-title.elementor-size-medium{font-size:19px}.elementor-widget-heading .elementor-heading-title.elementor-size-large{font-size:29px}.elementor-widget-heading .elementor-heading-title.elementor-size-xl{font-size:39px}.elementor-widget-heading .elementor-heading-title.elementor-size-xxl{font-size:59px}<\/style><h1 class=\"elementor-heading-title elementor-size-default\">CARRI\u00c8RES<\/h1>\t\t<\/div>\n\t\t\t\t<\/div>\n\t\t\t\t\t<\/div>\n\t\t<\/div>\n\t\t\t\t\t\t\t<\/div>\n\t\t<\/section>\n\t\t\t\t<section class=\"elementor-section elementor-top-section elementor-element elementor-element-466ef08 elementor-section-boxed elementor-section-height-default elementor-section-height-default\" data-id=\"466ef08\" data-element_type=\"section\">\n\t\t\t\t\t\t<div class=\"elementor-container elementor-column-gap-default\">\n\t\t\t\t\t<div class=\"elementor-column elementor-col-100 elementor-top-column elementor-element elementor-element-44b5a33\" data-id=\"44b5a33\" data-element_type=\"column\">\n\t\t\t<div class=\"elementor-widget-wrap elementor-element-populated\">\n\t\t\t\t\t\t\t\t<div class=\"elementor-element elementor-element-18f7743 elementor-widget elementor-widget-text-editor\" data-id=\"18f7743\" data-element_type=\"widget\" data-widget_type=\"text-editor.default\">\n\t\t\t\t<div class=\"elementor-widget-container\">\n\t\t\t<style>\/*! elementor - v3.6.5 - 27-04-2022 *\/\n.elementor-widget-text-editor.elementor-drop-cap-view-stacked .elementor-drop-cap{background-color:#818a91;color:#fff}.elementor-widget-text-editor.elementor-drop-cap-view-framed .elementor-drop-cap{color:#818a91;border:3px solid;background-color:transparent}.elementor-widget-text-editor:not(.elementor-drop-cap-view-default) .elementor-drop-cap{margin-top:8px}.elementor-widget-text-editor:not(.elementor-drop-cap-view-default) .elementor-drop-cap-letter{width:1em;height:1em}.elementor-widget-text-editor .elementor-drop-cap{float:left;text-align:center;line-height:1;font-size:50px}.elementor-widget-text-editor .elementor-drop-cap-letter{display:inline-block}<\/style>\t\t\t\t<h2 class=\"font_2\">VOUS VOULEZ FAIRE PARTIE DE L&#8217;\u00c9QUIPE<\/h2><p class=\"font_7\">Nous excellons dans ce que nous faisons parce que nous avons construit une culture qui met l\u2019accent sur ce que nous aimons vraiment faire. Il est plus facile d\u2019appr\u00e9cier le travail lorsqu&#8217;on n\u2019a pas l\u2019impression de travailler!<\/p><p class=\"font_7\">Nous misons sur l\u2019esprit d\u2019\u00e9quipe et la flexibilit\u00e9. Pour la plupart d&#8217;entre nous, travailler repr\u00e9sente une grande partie de notre temps, mais IT Chapter offre un environnement de travail stimulant et flexible.<\/p><p class=\"font_7\">Curieux de savoir ce que vous pourriez accomplir avec nous? Si vous pensez que votre profil correspond \u00e0 ce que nous recherchons, postulez maintenant en envoyant votre CV \u00e0<span style=\"font-size: 1rem;\">\u00a0<\/span><a href=\"mailto:contact@ITchapter.com\" data-auto-recognition=\"true\">contact@ITchapter.com<\/a><span style=\"font-size: 1rem;\">.<\/span><\/p>\t\t\t\t\t\t<\/div>\n\t\t\t\t<\/div>\n\t\t\t\t\t<\/div>\n\t\t<\/div>\n\t\t\t\t\t\t\t<\/div>\n\t\t<\/section>\n\t\t\t\t\t\t\t<\/div>\n\t\t","protected":false},"excerpt":{"rendered":"<p>CARRI\u00c8RES VOUS VOULEZ FAIRE PARTIE DE L&#8217;\u00c9QUIPE Nous excellons dans ce que nous faisons parce que nous avons construit une culture qui met l\u2019accent sur ce que nous aimons vraiment faire. Il est plus facile d\u2019appr\u00e9cier le travail lorsqu&#8217;on n\u2019a pas l\u2019impression de travailler! Nous misons sur l\u2019esprit d\u2019\u00e9quipe et la flexibilit\u00e9. Pour la plupart [&hellip;]<\/p>\n","protected":false},"author":9,"featured_media":0,"parent":0,"menu_order":0,"comment_status":"closed","ping_status":"closed","template":"","meta":[],"yoast_head":"<!-- This site is optimized with the Yoast SEO Premium plugin v17.4 (Yoast SEO v18.6) - https:\/\/yoast.com\/wordpress\/plugins\/seo\/ -->\n<title>Carri\u00e8res | IT Chapter<\/title>\n<meta name=\"description\" content=\"Vous cherchez \u00e0 rejoindre l&#039;\u00e9quipe talentueuse et diversifi\u00e9e de IT Chapter ? D\u00e9couvrez nos derni\u00e8res offres d&#039;emploi ici et propulsez votre carri\u00e8re \u00e0 un tout autre niveau.\" \/>\n<meta name=\"robots\" content=\"noindex, follow, max-snippet:-1, max-image-preview:large, max-video-preview:-1\" \/>\n<meta property=\"og:locale\" content=\"en_US\" \/>\n<meta property=\"og:type\" content=\"article\" \/>\n<meta property=\"og:title\" content=\"CARRI\u00c8RES\" \/>\n<meta property=\"og:description\" content=\"Vous cherchez \u00e0 rejoindre l&#039;\u00e9quipe talentueuse et diversifi\u00e9e de IT Chapter ? D\u00e9couvrez nos derni\u00e8res offres d&#039;emploi ici et propulsez votre carri\u00e8re \u00e0 un tout autre niveau.\" \/>\n<meta property=\"og:url\" content=\"http:\/\/itchapters.com\/france\/carrieres\/\" \/>\n<meta property=\"og:site_name\" content=\"Itchapter - France\" \/>\n<meta property=\"article:modified_time\" content=\"2022-04-24T21:18:56+00:00\" \/>\n<meta name=\"twitter:card\" content=\"summary_large_image\" \/>\n<meta name=\"twitter:label1\" content=\"Est. reading time\" \/>\n\t<meta name=\"twitter:data1\" content=\"1 minute\" \/>\n<script type=\"application\/ld+json\" class=\"yoast-schema-graph\">{\"@context\":\"https:\/\/schema.org\",\"@graph\":[{\"@type\":\"WebSite\",\"@id\":\"http:\/\/itchapters.com\/france\/#website\",\"url\":\"http:\/\/itchapters.com\/france\/\",\"name\":\"Itchapter - France\",\"description\":\"Just another IT CHAPTER Sites site\",\"potentialAction\":[{\"@type\":\"SearchAction\",\"target\":{\"@type\":\"EntryPoint\",\"urlTemplate\":\"http:\/\/itchapters.com\/france\/?s={search_term_string}\"},\"query-input\":\"required name=search_term_string\"}],\"inLanguage\":\"en-US\"},{\"@type\":\"WebPage\",\"@id\":\"http:\/\/itchapters.com\/france\/carrieres\/#webpage\",\"url\":\"http:\/\/itchapters.com\/france\/carrieres\/\",\"name\":\"Carri\u00e8res | IT Chapter\",\"isPartOf\":{\"@id\":\"http:\/\/itchapters.com\/france\/#website\"},\"datePublished\":\"2020-11-25T14:00:50+00:00\",\"dateModified\":\"2022-04-24T21:18:56+00:00\",\"description\":\"Vous cherchez \u00e0 rejoindre l'\u00e9quipe talentueuse et diversifi\u00e9e de IT Chapter ? D\u00e9couvrez nos derni\u00e8res offres d'emploi ici et propulsez votre carri\u00e8re \u00e0 un tout autre niveau.\",\"breadcrumb\":{\"@id\":\"http:\/\/itchapters.com\/france\/carrieres\/#breadcrumb\"},\"inLanguage\":\"en-US\",\"potentialAction\":[{\"@type\":\"ReadAction\",\"target\":[\"http:\/\/itchapters.com\/france\/carrieres\/\"]}]},{\"@type\":\"BreadcrumbList\",\"@id\":\"http:\/\/itchapters.com\/france\/carrieres\/#breadcrumb\",\"itemListElement\":[{\"@type\":\"ListItem\",\"position\":1,\"name\":\"Home\",\"item\":\"http:\/\/itchapters.com\/france\/\"},{\"@type\":\"ListItem\",\"position\":2,\"name\":\"CARRI\u00c8RES\"}]}]}<\/script>\n<!-- \/ Yoast SEO Premium plugin. -->","yoast_head_json":{"title":"Carri\u00e8res | IT Chapter","description":"Vous cherchez \u00e0 rejoindre l'\u00e9quipe talentueuse et diversifi\u00e9e de IT Chapter ? D\u00e9couvrez nos derni\u00e8res offres d'emploi ici et propulsez votre carri\u00e8re \u00e0 un tout autre niveau.","robots":{"index":"noindex","follow":"follow","max-snippet":"max-snippet:-1","max-image-preview":"max-image-preview:large","max-video-preview":"max-video-preview:-1"},"og_locale":"en_US","og_type":"article","og_title":"CARRI\u00c8RES","og_description":"Vous cherchez \u00e0 rejoindre l'\u00e9quipe talentueuse et diversifi\u00e9e de IT Chapter ? D\u00e9couvrez nos derni\u00e8res offres d'emploi ici et propulsez votre carri\u00e8re \u00e0 un tout autre niveau.","og_url":"http:\/\/itchapters.com\/france\/carrieres\/","og_site_name":"Itchapter - France","article_modified_time":"2022-04-24T21:18:56+00:00","twitter_card":"summary_large_image","twitter_misc":{"Est. reading time":"1 minute"},"schema":{"@context":"https:\/\/schema.org","@graph":[{"@type":"WebSite","@id":"http:\/\/itchapters.com\/france\/#website","url":"http:\/\/itchapters.com\/france\/","name":"Itchapter - France","description":"Just another IT CHAPTER Sites site","potentialAction":[{"@type":"SearchAction","target":{"@type":"EntryPoint","urlTemplate":"http:\/\/itchapters.com\/france\/?s={search_term_string}"},"query-input":"required name=search_term_string"}],"inLanguage":"en-US"},{"@type":"WebPage","@id":"http:\/\/itchapters.com\/france\/carrieres\/#webpage","url":"http:\/\/itchapters.com\/france\/carrieres\/","name":"Carri\u00e8res | IT Chapter","isPartOf":{"@id":"http:\/\/itchapters.com\/france\/#website"},"datePublished":"2020-11-25T14:00:50+00:00","dateModified":"2022-04-24T21:18:56+00:00","description":"Vous cherchez \u00e0 rejoindre l'\u00e9quipe talentueuse et diversifi\u00e9e de IT Chapter ? D\u00e9couvrez nos derni\u00e8res offres d'emploi ici et propulsez votre carri\u00e8re \u00e0 un tout autre niveau.","breadcrumb":{"@id":"http:\/\/itchapters.com\/france\/carrieres\/#breadcrumb"},"inLanguage":"en-US","potentialAction":[{"@type":"ReadAction","target":["http:\/\/itchapters.com\/france\/carrieres\/"]}]},{"@type":"BreadcrumbList","@id":"http:\/\/itchapters.com\/france\/carrieres\/#breadcrumb","itemListElement":[{"@type":"ListItem","position":1,"name":"Home","item":"http:\/\/itchapters.com\/france\/"},{"@type":"ListItem","position":2,"name":"CARRI\u00c8RES"}]}]}},"_links":{"self":[{"href":"http:\/\/itchapters.com\/france\/wp-json\/wp\/v2\/pages\/706"}],"collection":[{"href":"http:\/\/itchapters.com\/france\/wp-json\/wp\/v2\/pages"}],"about":[{"href":"http:\/\/itchapters.com\/france\/wp-json\/wp\/v2\/types\/page"}],"author":[{"embeddable":true,"href":"http:\/\/itchapters.com\/france\/wp-json\/wp\/v2\/users\/9"}],"replies":[{"embeddable":true,"href":"http:\/\/itchapters.com\/france\/wp-json\/wp\/v2\/comments?post=706"}],"version-history":[{"count":3,"href":"http:\/\/itchapters.com\/france\/wp-json\/wp\/v2\/pages\/706\/revisions"}],"predecessor-version":[{"id":4984,"href":"http:\/\/itchapters.com\/france\/wp-json\/wp\/v2\/pages\/706\/revisions\/4984"}],"wp:attachment":[{"href":"http:\/\/itchapters.com\/france\/wp-json\/wp\/v2\/media?parent=706"}],"curies":[{"name":"wp","href":"https:\/\/api.w.org\/{rel}","templated":true}]}}