{"id":4722,"date":"2022-01-14T19:17:50","date_gmt":"2022-01-14T19:17:50","guid":{"rendered":"https:\/\/fr.itchapter.com\/?page_id=4722"},"modified":"2022-04-24T21:23:09","modified_gmt":"2022-04-24T21:23:09","slug":"cgv","status":"publish","type":"page","link":"http:\/\/itchapters.com\/france\/cgv\/","title":{"rendered":"CONDITIONS G\u00c9N\u00c9RALES DE VENTE"},"content":{"rendered":"\t\t<div data-elementor-type=\"wp-page\" data-elementor-id=\"4722\" class=\"elementor elementor-4722\">\n\t\t\t\t\t\t\t\t\t<section class=\"elementor-section elementor-top-section elementor-element elementor-element-302d486 elementor-section-boxed elementor-section-height-default elementor-section-height-default\" data-id=\"302d486\" data-element_type=\"section\">\n\t\t\t\t\t\t<div class=\"elementor-container elementor-column-gap-default\">\n\t\t\t\t\t<div class=\"elementor-column elementor-col-100 elementor-top-column elementor-element elementor-element-7caf845a\" data-id=\"7caf845a\" data-element_type=\"column\">\n\t\t\t<div class=\"elementor-widget-wrap elementor-element-populated\">\n\t\t\t\t\t\t\t\t<div class=\"elementor-element elementor-element-73189c21 elementor-widget elementor-widget-heading\" data-id=\"73189c21\" data-element_type=\"widget\" data-widget_type=\"heading.default\">\n\t\t\t\t<div class=\"elementor-widget-container\">\n\t\t\t<style>\/*! elementor - v3.6.5 - 27-04-2022 *\/\n.elementor-heading-title{padding:0;margin:0;line-height:1}.elementor-widget-heading .elementor-heading-title[class*=elementor-size-]>a{color:inherit;font-size:inherit;line-height:inherit}.elementor-widget-heading .elementor-heading-title.elementor-size-small{font-size:15px}.elementor-widget-heading .elementor-heading-title.elementor-size-medium{font-size:19px}.elementor-widget-heading .elementor-heading-title.elementor-size-large{font-size:29px}.elementor-widget-heading .elementor-heading-title.elementor-size-xl{font-size:39px}.elementor-widget-heading .elementor-heading-title.elementor-size-xxl{font-size:59px}<\/style><h1 class=\"elementor-heading-title elementor-size-default\">Conditions g\u00e9n\u00e9rales de vente<\/h1>\t\t<\/div>\n\t\t\t\t<\/div>\n\t\t\t\t<section class=\"elementor-section elementor-inner-section elementor-element elementor-element-24d1ab18 elementor-section-boxed elementor-section-height-default elementor-section-height-default\" data-id=\"24d1ab18\" data-element_type=\"section\">\n\t\t\t\t\t\t<div class=\"elementor-container elementor-column-gap-default\">\n\t\t\t\t\t<div class=\"elementor-column elementor-col-100 elementor-inner-column elementor-element elementor-element-56982f8f\" data-id=\"56982f8f\" data-element_type=\"column\">\n\t\t\t<div class=\"elementor-widget-wrap elementor-element-populated\">\n\t\t\t\t\t\t\t\t<div class=\"elementor-element elementor-element-12a7a12a elementor-widget elementor-widget-text-editor\" data-id=\"12a7a12a\" data-element_type=\"widget\" data-widget_type=\"text-editor.default\">\n\t\t\t\t<div class=\"elementor-widget-container\">\n\t\t\t<style>\/*! elementor - v3.6.5 - 27-04-2022 *\/\n.elementor-widget-text-editor.elementor-drop-cap-view-stacked .elementor-drop-cap{background-color:#818a91;color:#fff}.elementor-widget-text-editor.elementor-drop-cap-view-framed .elementor-drop-cap{color:#818a91;border:3px solid;background-color:transparent}.elementor-widget-text-editor:not(.elementor-drop-cap-view-default) .elementor-drop-cap{margin-top:8px}.elementor-widget-text-editor:not(.elementor-drop-cap-view-default) .elementor-drop-cap-letter{width:1em;height:1em}.elementor-widget-text-editor .elementor-drop-cap{float:left;text-align:center;line-height:1;font-size:50px}.elementor-widget-text-editor .elementor-drop-cap-letter{display:inline-block}<\/style>\t\t\t\t<h6><strong>PR\u00c9AMBULE<\/strong><\/h6>\n<p>L\u2019organisme de formation IT Chapter, SIRET<tcxspan tcxhref=\"85107264500027\" title=\"Call  85107264500027, via 3CX\"> 85107264500027,<\/tcxspan> situ\u00e9 au 15 rue des Halles, Paris 75001 organise et dispense des formations professionnelles. Son activit\u00e9 de dispensateur de formation est enregistr\u00e9e aupr\u00e8s de la DIRECCTE de Paris sous le n\u00b0<tcxspan tcxhref=\"11941004194\" title=\"Call  11941004194 ; via 3CX\"> 11941004194 ;<\/tcxspan> cet enregistrement ne vaut pas agr\u00e9ment de l&#8217;\u00e9tat.<\/p>\n<p>La signature par le Client des pr\u00e9sentes Conditions G\u00e9n\u00e9rales de Vente (ci-apr\u00e8s \u00ab\u2009CGV\u2009\u00bb) emporte leur acceptation pleine et enti\u00e8re. Les CGV pr\u00e9valent sur tout autre document du Client, et notamment sur toutes conditions g\u00e9n\u00e9rales d&#8217;achat, sauf accord cadres ou accord commercial sp\u00e9cifique r\u00e9alis\u00e9 avec le client. Tous autres documents de IT Chapter tels que prospectus, catalogues, n&#8217;ont qu&#8217;une valeur indicative. Le fait que IT Chapter ne se pr\u00e9vale pas, \u00e0 un moment donn\u00e9, de l&#8217;une quelconque des pr\u00e9sentes conditions, ne peut \u00eatre interpr\u00e9t\u00e9 comme valant renonciation \u00e0 s&#8217;en pr\u00e9valoir ult\u00e9rieurement.<\/p>\n<h6><strong>PR\u00c9SENTATION<\/strong><\/h6>\n<p>IT Chapter se sp\u00e9cialise dans le domaine des formations certifiantes en informatique. Nous services sont offerts \u00e0 l\u2019\u00e9chelle mondiale. Nos formations sont disponibles en pr\u00e9sentiel inter et intra entreprise, en classe virtuelle ou en autoformation.<\/p>\n<h6><strong>INSCRIPTION AUX FORMATIONS<\/strong><\/h6>\n<p>Vous disposez de la possibilit\u00e9 de vous inscrire par t\u00e9l\u00e9phone<tcxspan tcxhref=\"+330973053437\" title=\"Call  +33 (0) 9 73 05 34 37, via 3CX\"> +33 (0) 9 73 05 34 37,<\/tcxspan> par courrier \u00e9lectronique <a href=\"mailto:contact@itchapter.com\">contact@itchapter.com<\/a> ou en ligne. Votre inscription sera prise en compte d\u00e8s la r\u00e9ception du paiement. Pour les formations \u00e0 distance, il appartient au participant de s&#8217;assurer de la bonne configuration de son mat\u00e9riel informatique, avant la formation dans les d\u00e9lais impartis.<\/p>\n<h6><strong>REMBOURSEMENTS, TRANSFERT ET REMPLACEMENTS <\/strong><\/h6>\n<p>Pour \u00eatre prise en compte, toute annulation doit \u00eatre communiqu\u00e9e par \u00e9crit \u00e0 support@itchapter.com.<\/p>\n<p>Les remplacements de participants sont admis, sans frais, sous r\u00e9serve d&#8217;en informer par \u00e9crit IT Chapter et de lui transmettre les noms et coordonn\u00e9es du ou des rempla\u00e7ants au plus tard la veille de la formation.<\/p>\n<p>Vous disposez de la facult\u00e9 d&#8217;annuler une inscription sans frais sous r\u00e9serve d&#8217;en informer IT Chapter par courriel avec accus\u00e9 de r\u00e9ception \u00e0 <a href=\"mailto:support@itchapter.com\">support@itchapter.com<\/a>.<\/p>\n<p>Notre politique d&#8217;annulation est la suivante :<\/p>\n<ul>\n<li>Si vous annulez plus de 14 jours ouvrables avant le d\u00e9but du cours, nous retiendrons 30% des frais d\u2019inscription.<\/li>\n<li>Si vous annulez entre 7 et 14 jours ouvrables avant le d\u00e9but du cours, vous devrez payer 50% des frais d\u2019inscription.<\/li>\n<li>Il n&#8217;y a pas de remboursement pour une annulation faite moins de 7 jours ouvrables avant la date de d\u00e9but du cours.<\/li>\n<li>Si vous ne vous pr\u00e9sentez pas \u00e0 un cours, vous devrez payer l&#8217;int\u00e9gralit\u00e9 des frais d&#8217;inscription.<\/li>\n<li>Les participants peuvent \u00eatre remplac\u00e9s gratuitement jusqu&#8217;\u00e0 la veille du d\u00e9but du cours.<\/li>\n<li>Si IT Chapter devait annuler un cours, 100% de vos frais d\u2019inscription seront rembours\u00e9s.<\/li>\n<\/ul>\n<p>Reprogrammer un cours (demande de transfert) \u00e9quivaut essentiellement \u00e0 une annulation de cours suivie d\u2019une nouvelle inscription. En tant que tel, notre politique d&#8217;annulation s&#8217;applique \u00e9galement dans ce cas. Il est possible de transf\u00e9rer un individu \u00e0 une formation programm\u00e9e. Seulement un transfert peu avoir lieu.<\/p>\n<h6><strong>TARIFS ET MODALIT\u00c9S DE PAIEMENT<\/strong><\/h6>\n<p>Tous les tarifs sont indiqu\u00e9s hors taxes. Ils seront major\u00e9s des droits et taxes en vigueur.<\/p>\n<p>Nos tarifs comprennent la formation, la documentation p\u00e9dagogique remise pendant la formation, les fichiers \u00e9lectroniques mis \u00e0 disposition le cas \u00e9ch\u00e9ant. Pour toutes questions concernant nos conditions tarifaires, n&#8217;h\u00e9sitez pas \u00e0 contacter notre service Clients au<tcxspan tcxhref=\"+330973053437\" title=\"Call  +33 (0) 9 73 05 34 37  via 3CX\"> +33 (0) 9 73 05 34 37 <\/tcxspan>ou par courrier \u00e9lectronique \u00e0 contact@itchapter.com.<\/p>\n<p>Sauf accord particulier, un r\u00e8glement int\u00e9gral devra intervenir avant le d\u00e9but de la formation, comptant et sans escompte \u00e0 r\u00e9ception de facture. En cas de paiement effectu\u00e9 par un OPCO, l\u2019accord de financement par votre OPCO doit nous parvenir avant le 1er jour de la formation. Si IT Chapter n&#8217;a pas r\u00e9ceptionn\u00e9 l&#8217;accord de financement, vous serez factur\u00e9 de l&#8217;int\u00e9gralit\u00e9 du co\u00fbt de la formation. En cas de prise en charge partielle par l&#8217;OPCO, la part non prise en charge vous sera directement factur\u00e9e.<\/p>\n<p>Plusieurs modes de paiements sont disponibles&nbsp;:<\/p>\n<ul>\n<li>Par carte de cr\u00e9dit pour les achats en ligne (visa, mastercard)<\/li>\n<li>Virement \u00e9lectronique, un paiement filaire, par facture sur demande<\/li>\n<\/ul>\n<p>Toute facture non pay\u00e9e \u00e0 \u00e9ch\u00e9ance portera de plein droit, int\u00e9r\u00eat au taux d&#8217;int\u00e9r\u00eat appliqu\u00e9 par la Banque Centrale Europ\u00e9enne \u00e0 son op\u00e9ration de refinancement la plus r\u00e9cente major\u00e9 de 10 (dix) points.<\/p>\n<p>\u00c0 d\u00e9faut de paiement d&#8217;une seule facture \u00e0 son \u00e9ch\u00e9ance, l&#8217;int\u00e9gralit\u00e9 des sommes dues par le Client deviendra imm\u00e9diatement exigible.<\/p>\n<p>Toute facture recouvr\u00e9e par nos services contentieux sera major\u00e9e, \u00e0 titre de clause p\u00e9nale non r\u00e9ductible au sens de l&#8217;article 1231-5 du Code Civil, d&#8217;une indemnit\u00e9 fix\u00e9e \u00e0 15 (quinze)% du montant des sommes exigibles.<\/p>\n<h6><strong>CHANGEMENTS AUX FORMATIONS<\/strong><\/h6>\n<p>IT Chapter se r\u00e9serve le droit, si le nombre de participants \u00e0 une formation est jug\u00e9 insuffisant sur le plan p\u00e9dagogique, d&#8217;annuler cette formation au plus tard dix [10] jours calendaires avant la date pr\u00e9vue.<\/p>\n<p>IT Chapter se r\u00e9serve le droit de reporter la formation, de modifier le lieu de son d\u00e9roulement, le contenu de son programme ou de remplacer un animateur, si des circonstances ind\u00e9pendantes de sa volont\u00e9 l&#8217;y obligent.<\/p>\n<p>IT Chapter se r\u00e9serve le droit, sans indemnit\u00e9 de quelque nature que ce soit\u2009:<\/p>\n<ul>\n<li>De refuser toute inscription ou acc\u00e8s \u00e0 un Client qui ne serait pas \u00e0 jour de ses paiements<\/li>\n<li>D\u2019exclure tout participant qui aurait proc\u00e9d\u00e9 \u00e0 de fausses d\u00e9clarations lors de l&#8217;inscription et ce, sans indemnit\u00e9.<\/li><\/ul>\n<p><strong>RESPONSABILIT\u00c9 &#8211; INDEMNIT\u00c9<\/strong><\/p>\n<p>L&#8217;employeur, ou selon le cas le participant, s&#8217;oblige \u00e0 souscrire et maintenir en pr\u00e9vision et pendant la dur\u00e9e de la formation une assurance responsabilit\u00e9 civile couvrant les dommages corporels, mat\u00e9riels, immat\u00e9riels, directs et indirects susceptibles d&#8217;\u00eatre caus\u00e9s par ses agissements ou ceux de ses pr\u00e9pos\u00e9s au pr\u00e9judice de IT Chapter ou des participants. Il s&#8217;oblige \u00e9galement \u00e0 souscrire et maintenir une assurance responsabilit\u00e9 civile d\u00e9signant \u00e9galement comme assur\u00e9 IT Chapter pour tous les agissements pr\u00e9judiciables aux tiers qui auraient \u00e9t\u00e9 caus\u00e9s par son pr\u00e9pos\u00e9, et, contenant une clause de renonciation \u00e0 recours, de telle sorte que IT Chapter ne puisse \u00eatre recherch\u00e9e ou inqui\u00e9t\u00e9e.<\/p>\n<h6><strong>PROPRI\u00c9T\u00c9 INTELLECTUELLE<\/strong><\/h6>\n<p>Dans le cadre du respect des droits de propri\u00e9t\u00e9 intellectuelle attach\u00e9s aux supports de cours ou autres ressources p\u00e9dagogiques mis \u00e0 la seule disposition des participants de la formation,&nbsp; le Client s&#8217;interdit de reproduire, directement ou indirectement, en totalit\u00e9 ou en partie, d&#8217;adapter, de modifier, de traduire, de repr\u00e9senter, de commercialiser ou de diffuser \u00e0 des membres de son personnel non participants aux formations IT Chapter ou \u00e0 des tiers, les dits supports et ressources p\u00e9dagogiques sans l&#8217;autorisation expresse, pr\u00e9alable et \u00e9crite de IT Chapter ou de ses ayants droit.<\/p>\n<h6><strong>INFORMATIQUE ET LIBERT\u00c9S<\/strong><\/h6>\n<p>IT Chapter s\u2019engage \u00e0 ce que la collecte et le traitement de vos donn\u00e9es personnelles, effectu\u00e9s \u00e0 partir du site www.fr.itchapter.com, soient conformes \u00e0 la loi n\u00b0 78-17 du 6 janvier 1978 modifi\u00e9e, relative \u00e0 l\u2019informatique, aux fichiers et aux libert\u00e9s (dite \u00ab Loi Informatique et Libert\u00e9s \u00bb) et du R\u00e8glement (UE) n\u00b0<tcxspan tcxhref=\"2016679\" title=\"Call  2016\/679  via 3CX\"> 2016\/679 <\/tcxspan>du 27 avril 2016 dit \u00ab R\u00e8glement g\u00e9n\u00e9ral sur la protection des donn\u00e9es \u00bb (ou \u00ab RGDP \u00bb).<\/p>\n<p>Cette politique d\u00e9crit la mani\u00e8re dont IT Chapter s\u2019engage \u00e0 collecter, utiliser et prot\u00e9ger vos donn\u00e9es personnelles.<\/p>\n<p>Vous pouvez exercer, conform\u00e9ment aux dispositions des articles 39, 40, 41, et 42 de la Loi 78-17 du 6 janvier 1978 modifi\u00e9e, vos droits d&#8217;acc\u00e8s, de rectification et d&#8217;opposition en vous adressant \u00e0 : IT Chapter \u2013 15 rue des Halles, Paris 75001 ou par t\u00e9l\u00e9phone<tcxspan tcxhref=\"+3309730534\" title=\"Call  +33 (0) 9 73 05 34  via 3CX\"> +33 (0) 9 73 05 34 <\/tcxspan>37.<\/p>\n<h6><strong>LOI APPLICABLE &#8211; ATTRIBUTION DE COMP\u00c9TENCE LE PR\u00c9SENT ACCORD EST R\u00c9GI PAR LE DROIT FRAN\u00c7AIS.<\/strong><\/h6>\n<h6>En cas de contestation sur l\u2019interpr\u00e9tation ou l\u2019ex\u00e9cution de l\u2019une de ces dispositions, et \u00e0 d\u00e9faut d\u2019un accord amiable des parties, le tribunal de commerce de rattachement du si\u00e8ge social de l\u2019organisme de formation sera seul comp\u00e9tent.<\/h6>\t\t\t\t\t\t<\/div>\n\t\t\t\t<\/div>\n\t\t\t\t\t<\/div>\n\t\t<\/div>\n\t\t\t\t\t\t\t<\/div>\n\t\t<\/section>\n\t\t\t\t\t<\/div>\n\t\t<\/div>\n\t\t\t\t\t\t\t<\/div>\n\t\t<\/section>\n\t\t\t\t\t\t\t<\/div>\n\t\t","protected":false},"excerpt":{"rendered":"<p>Conditions g\u00e9n\u00e9rales de vente PR\u00c9AMBULE L\u2019organisme de formation IT Chapter, SIRET 85107264500027, situ\u00e9 au 15 rue des Halles, Paris 75001 organise et dispense des formations professionnelles. Son activit\u00e9 de dispensateur de formation est enregistr\u00e9e aupr\u00e8s de la DIRECCTE de Paris sous le n\u00b0 11941004194 ; cet enregistrement ne vaut pas agr\u00e9ment de l&#8217;\u00e9tat. La signature [&hellip;]<\/p>\n","protected":false},"author":9,"featured_media":0,"parent":0,"menu_order":0,"comment_status":"closed","ping_status":"closed","template":"elementor_header_footer","meta":[],"yoast_head":"<!-- This site is optimized with the Yoast SEO Premium plugin v17.4 (Yoast SEO v18.6) - https:\/\/yoast.com\/wordpress\/plugins\/seo\/ -->\n<title>CONDITIONS G\u00c9N\u00c9RALES DE VENTE - Itchapter - France<\/title>\n<meta name=\"robots\" content=\"noindex, follow, max-snippet:-1, max-image-preview:large, max-video-preview:-1\" \/>\n<meta property=\"og:locale\" content=\"en_US\" \/>\n<meta property=\"og:type\" content=\"article\" \/>\n<meta property=\"og:title\" content=\"CONDITIONS G\u00c9N\u00c9RALES DE VENTE\" \/>\n<meta property=\"og:description\" content=\"Conditions g\u00e9n\u00e9rales de vente PR\u00c9AMBULE L\u2019organisme de formation IT Chapter, SIRET 85107264500027, situ\u00e9 au 15 rue des Halles, Paris 75001 organise et dispense des formations professionnelles. Son activit\u00e9 de dispensateur de formation est enregistr\u00e9e aupr\u00e8s de la DIRECCTE de Paris sous le n\u00b0 11941004194 ; cet enregistrement ne vaut pas agr\u00e9ment de l&#8217;\u00e9tat. La signature [&hellip;]\" \/>\n<meta property=\"og:url\" content=\"http:\/\/itchapters.com\/france\/cgv\/\" \/>\n<meta property=\"og:site_name\" content=\"Itchapter - France\" \/>\n<meta property=\"article:modified_time\" content=\"2022-04-24T21:23:09+00:00\" \/>\n<meta name=\"twitter:card\" content=\"summary_large_image\" \/>\n<meta name=\"twitter:label1\" content=\"Est. reading time\" \/>\n\t<meta name=\"twitter:data1\" content=\"7 minutes\" \/>\n<script type=\"application\/ld+json\" class=\"yoast-schema-graph\">{\"@context\":\"https:\/\/schema.org\",\"@graph\":[{\"@type\":\"WebSite\",\"@id\":\"http:\/\/itchapters.com\/france\/#website\",\"url\":\"http:\/\/itchapters.com\/france\/\",\"name\":\"Itchapter - France\",\"description\":\"Just another IT CHAPTER Sites site\",\"potentialAction\":[{\"@type\":\"SearchAction\",\"target\":{\"@type\":\"EntryPoint\",\"urlTemplate\":\"http:\/\/itchapters.com\/france\/?s={search_term_string}\"},\"query-input\":\"required name=search_term_string\"}],\"inLanguage\":\"en-US\"},{\"@type\":\"WebPage\",\"@id\":\"http:\/\/itchapters.com\/france\/cgv\/#webpage\",\"url\":\"http:\/\/itchapters.com\/france\/cgv\/\",\"name\":\"CONDITIONS G\u00c9N\u00c9RALES DE VENTE - Itchapter - France\",\"isPartOf\":{\"@id\":\"http:\/\/itchapters.com\/france\/#website\"},\"datePublished\":\"2022-01-14T19:17:50+00:00\",\"dateModified\":\"2022-04-24T21:23:09+00:00\",\"breadcrumb\":{\"@id\":\"http:\/\/itchapters.com\/france\/cgv\/#breadcrumb\"},\"inLanguage\":\"en-US\",\"potentialAction\":[{\"@type\":\"ReadAction\",\"target\":[\"http:\/\/itchapters.com\/france\/cgv\/\"]}]},{\"@type\":\"BreadcrumbList\",\"@id\":\"http:\/\/itchapters.com\/france\/cgv\/#breadcrumb\",\"itemListElement\":[{\"@type\":\"ListItem\",\"position\":1,\"name\":\"Home\",\"item\":\"http:\/\/itchapters.com\/france\/\"},{\"@type\":\"ListItem\",\"position\":2,\"name\":\"CONDITIONS G\u00c9N\u00c9RALES DE VENTE\"}]}]}<\/script>\n<!-- \/ Yoast SEO Premium plugin. -->","yoast_head_json":{"title":"CONDITIONS G\u00c9N\u00c9RALES DE VENTE - Itchapter - France","robots":{"index":"noindex","follow":"follow","max-snippet":"max-snippet:-1","max-image-preview":"max-image-preview:large","max-video-preview":"max-video-preview:-1"},"og_locale":"en_US","og_type":"article","og_title":"CONDITIONS G\u00c9N\u00c9RALES DE VENTE","og_description":"Conditions g\u00e9n\u00e9rales de vente PR\u00c9AMBULE L\u2019organisme de formation IT Chapter, SIRET 85107264500027, situ\u00e9 au 15 rue des Halles, Paris 75001 organise et dispense des formations professionnelles. Son activit\u00e9 de dispensateur de formation est enregistr\u00e9e aupr\u00e8s de la DIRECCTE de Paris sous le n\u00b0 11941004194 ; cet enregistrement ne vaut pas agr\u00e9ment de l&#8217;\u00e9tat. La signature [&hellip;]","og_url":"http:\/\/itchapters.com\/france\/cgv\/","og_site_name":"Itchapter - France","article_modified_time":"2022-04-24T21:23:09+00:00","twitter_card":"summary_large_image","twitter_misc":{"Est. reading time":"7 minutes"},"schema":{"@context":"https:\/\/schema.org","@graph":[{"@type":"WebSite","@id":"http:\/\/itchapters.com\/france\/#website","url":"http:\/\/itchapters.com\/france\/","name":"Itchapter - France","description":"Just another IT CHAPTER Sites site","potentialAction":[{"@type":"SearchAction","target":{"@type":"EntryPoint","urlTemplate":"http:\/\/itchapters.com\/france\/?s={search_term_string}"},"query-input":"required name=search_term_string"}],"inLanguage":"en-US"},{"@type":"WebPage","@id":"http:\/\/itchapters.com\/france\/cgv\/#webpage","url":"http:\/\/itchapters.com\/france\/cgv\/","name":"CONDITIONS G\u00c9N\u00c9RALES DE VENTE - Itchapter - France","isPartOf":{"@id":"http:\/\/itchapters.com\/france\/#website"},"datePublished":"2022-01-14T19:17:50+00:00","dateModified":"2022-04-24T21:23:09+00:00","breadcrumb":{"@id":"http:\/\/itchapters.com\/france\/cgv\/#breadcrumb"},"inLanguage":"en-US","potentialAction":[{"@type":"ReadAction","target":["http:\/\/itchapters.com\/france\/cgv\/"]}]},{"@type":"BreadcrumbList","@id":"http:\/\/itchapters.com\/france\/cgv\/#breadcrumb","itemListElement":[{"@type":"ListItem","position":1,"name":"Home","item":"http:\/\/itchapters.com\/france\/"},{"@type":"ListItem","position":2,"name":"CONDITIONS G\u00c9N\u00c9RALES DE VENTE"}]}]}},"_links":{"self":[{"href":"http:\/\/itchapters.com\/france\/wp-json\/wp\/v2\/pages\/4722"}],"collection":[{"href":"http:\/\/itchapters.com\/france\/wp-json\/wp\/v2\/pages"}],"about":[{"href":"http:\/\/itchapters.com\/france\/wp-json\/wp\/v2\/types\/page"}],"author":[{"embeddable":true,"href":"http:\/\/itchapters.com\/france\/wp-json\/wp\/v2\/users\/9"}],"replies":[{"embeddable":true,"href":"http:\/\/itchapters.com\/france\/wp-json\/wp\/v2\/comments?post=4722"}],"version-history":[{"count":3,"href":"http:\/\/itchapters.com\/france\/wp-json\/wp\/v2\/pages\/4722\/revisions"}],"predecessor-version":[{"id":4995,"href":"http:\/\/itchapters.com\/france\/wp-json\/wp\/v2\/pages\/4722\/revisions\/4995"}],"wp:attachment":[{"href":"http:\/\/itchapters.com\/france\/wp-json\/wp\/v2\/media?parent=4722"}],"curies":[{"name":"wp","href":"https:\/\/api.w.org\/{rel}","templated":true}]}}