{"id":4338,"date":"2021-08-11T19:02:18","date_gmt":"2021-08-11T19:02:18","guid":{"rendered":"https:\/\/fr.itchapter.com\/?page_id=4338"},"modified":"2022-04-24T21:13:22","modified_gmt":"2022-04-24T21:13:22","slug":"temoignages","status":"publish","type":"page","link":"http:\/\/itchapters.com\/france\/temoignages\/","title":{"rendered":"T\u00e9moignages"},"content":{"rendered":"\t\t<div data-elementor-type=\"wp-page\" data-elementor-id=\"4338\" class=\"elementor elementor-4338\">\n\t\t\t\t\t\t\t\t\t<section class=\"elementor-section elementor-top-section elementor-element elementor-element-622a539c elementor-section-boxed elementor-section-height-default elementor-section-height-default\" data-id=\"622a539c\" data-element_type=\"section\">\n\t\t\t\t\t\t<div class=\"elementor-container elementor-column-gap-default\">\n\t\t\t\t\t<div class=\"elementor-column elementor-col-100 elementor-top-column elementor-element elementor-element-37cd75b6\" data-id=\"37cd75b6\" data-element_type=\"column\">\n\t\t\t<div class=\"elementor-widget-wrap\">\n\t\t\t\t\t\t\t\t\t<\/div>\n\t\t<\/div>\n\t\t\t\t\t\t\t<\/div>\n\t\t<\/section>\n\t\t\t\t<section class=\"elementor-section elementor-top-section elementor-element elementor-element-1d384d8 elementor-section-boxed elementor-section-height-default elementor-section-height-default\" data-id=\"1d384d8\" data-element_type=\"section\" data-settings=\"{&quot;background_background&quot;:&quot;classic&quot;}\">\n\t\t\t\t\t\t<div class=\"elementor-container elementor-column-gap-default\">\n\t\t\t\t\t<div class=\"elementor-column elementor-col-50 elementor-top-column elementor-element elementor-element-61ecd813\" data-id=\"61ecd813\" data-element_type=\"column\" data-settings=\"{&quot;background_background&quot;:&quot;classic&quot;}\">\n\t\t\t<div class=\"elementor-widget-wrap elementor-element-populated\">\n\t\t\t\t\t<div class=\"elementor-background-overlay\"><\/div>\n\t\t\t\t\t\t\t\t<div class=\"elementor-element elementor-element-1e55eefa elementor-widget elementor-widget-text-editor\" data-id=\"1e55eefa\" data-element_type=\"widget\" data-widget_type=\"text-editor.default\">\n\t\t\t\t<div class=\"elementor-widget-container\">\n\t\t\t<style>\/*! elementor - v3.6.5 - 27-04-2022 *\/\n.elementor-widget-text-editor.elementor-drop-cap-view-stacked .elementor-drop-cap{background-color:#818a91;color:#fff}.elementor-widget-text-editor.elementor-drop-cap-view-framed .elementor-drop-cap{color:#818a91;border:3px solid;background-color:transparent}.elementor-widget-text-editor:not(.elementor-drop-cap-view-default) .elementor-drop-cap{margin-top:8px}.elementor-widget-text-editor:not(.elementor-drop-cap-view-default) .elementor-drop-cap-letter{width:1em;height:1em}.elementor-widget-text-editor .elementor-drop-cap{float:left;text-align:center;line-height:1;font-size:50px}.elementor-widget-text-editor .elementor-drop-cap-letter{display:inline-block}<\/style>\t\t\t\t<h1><span style=\"color: #211e4e; font-size: 3rem;\"><b>T\u00e9moignages<\/b><\/span><\/h1>\n<p>Chez IT Chapter, nous comprenons l&#8217;importance d&#8217;\u00e9tablir la confiance afin de construire des partenariats solides. D\u00e9couvrez ce que nos partenaires et \u00e9tudiants ont \u00e0 dire sur nous !<\/p>\n\t\t\t\t\t\t<\/div>\n\t\t\t\t<\/div>\n\t\t\t\t\t<\/div>\n\t\t<\/div>\n\t\t\t\t<div class=\"elementor-column elementor-col-50 elementor-top-column elementor-element elementor-element-2d4f434b\" data-id=\"2d4f434b\" data-element_type=\"column\">\n\t\t\t<div class=\"elementor-widget-wrap\">\n\t\t\t\t\t\t\t\t\t<\/div>\n\t\t<\/div>\n\t\t\t\t\t\t\t<\/div>\n\t\t<\/section>\n\t\t\t\t<section class=\"elementor-section elementor-top-section elementor-element elementor-element-bae45c elementor-section-boxed elementor-section-height-default elementor-section-height-default\" data-id=\"bae45c\" data-element_type=\"section\">\n\t\t\t\t\t\t<div class=\"elementor-container elementor-column-gap-default\">\n\t\t\t\t\t<div class=\"elementor-column elementor-col-50 elementor-top-column elementor-element elementor-element-6ddc9e4b\" data-id=\"6ddc9e4b\" data-element_type=\"column\">\n\t\t\t<div class=\"elementor-widget-wrap elementor-element-populated\">\n\t\t\t\t\t\t\t\t<div class=\"elementor-element elementor-element-4bee1329 elementor-widget elementor-widget-image\" data-id=\"4bee1329\" data-element_type=\"widget\" data-widget_type=\"image.default\">\n\t\t\t\t<div class=\"elementor-widget-container\">\n\t\t\t<style>\/*! elementor - v3.6.5 - 27-04-2022 *\/\n.elementor-widget-image{text-align:center}.elementor-widget-image a{display:inline-block}.elementor-widget-image a img[src$=\".svg\"]{width:48px}.elementor-widget-image img{vertical-align:middle;display:inline-block}<\/style>\t\t\t\t\t\t\t\t\t\t\t\t<img src=\"http:\/\/itchapters.com\/france\/wp-content\/uploads\/sites\/5\/2022\/04\/google-reviews-logo-1.jpg\" title=\"google-reviews-logo-1.jpg\" alt=\"google-reviews-logo-1.jpg\" \/>\t\t\t\t\t\t\t\t\t\t\t\t\t\t\t<\/div>\n\t\t\t\t<\/div>\n\t\t\t\t\t<\/div>\n\t\t<\/div>\n\t\t\t\t<div class=\"elementor-column elementor-col-50 elementor-top-column elementor-element elementor-element-66034df3\" data-id=\"66034df3\" data-element_type=\"column\">\n\t\t\t<div class=\"elementor-widget-wrap elementor-element-populated\">\n\t\t\t\t\t\t\t\t<div class=\"elementor-element elementor-element-4bfb034a elementor-widget elementor-widget-text-editor\" data-id=\"4bfb034a\" data-element_type=\"widget\" data-widget_type=\"text-editor.default\">\n\t\t\t\t<div class=\"elementor-widget-container\">\n\t\t\t\t\t\t\t<p>Cliquez\u00a0<a href=\"https:\/\/www.google.com\/maps\/place\/IT+Chapter\/@45.5029276,-73.5582138,17z\/data=!4m7!3m6!1s0x4cc91a584b99ec65:0x20c96281ecb4ee43!8m2!3d45.5029276!4d-73.5560251!9m1!1b1\" target=\"_blank\" rel=\"noopener\" data-saferedirecturl=\"https:\/\/www.google.com\/url?q=https:\/\/www.google.com\/maps\/place\/IT%2BChapter\/@45.5029276,-73.5582138,17z\/data%3D!4m7!3m6!1s0x4cc91a584b99ec65:0x20c96281ecb4ee43!8m2!3d45.5029276!4d-73.5560251!9m1!1b1&amp;source=gmail&amp;ust=1642528394454000&amp;usg=AOvVaw1EtR3eRMFdYWMMREQLDOjO\">ICI<\/a> pour lire\u00a0les avis de nos \u00e9tudiants et de nos clients.<\/p>\t\t\t\t\t\t<\/div>\n\t\t\t\t<\/div>\n\t\t\t\t\t<\/div>\n\t\t<\/div>\n\t\t\t\t\t\t\t<\/div>\n\t\t<\/section>\n\t\t\t\t<section class=\"elementor-section elementor-top-section elementor-element elementor-element-2e25088a elementor-section-boxed elementor-section-height-default elementor-section-height-default\" data-id=\"2e25088a\" data-element_type=\"section\">\n\t\t\t\t\t\t<div class=\"elementor-container elementor-column-gap-default\">\n\t\t\t\t\t<div class=\"elementor-column elementor-col-100 elementor-top-column elementor-element elementor-element-55d2a871\" data-id=\"55d2a871\" data-element_type=\"column\">\n\t\t\t<div class=\"elementor-widget-wrap elementor-element-populated\">\n\t\t\t\t\t\t\t\t<div class=\"elementor-element elementor-element-560a1ef3 elementor-widget-divider--view-line elementor-widget elementor-widget-divider\" data-id=\"560a1ef3\" data-element_type=\"widget\" data-widget_type=\"divider.default\">\n\t\t\t\t<div class=\"elementor-widget-container\">\n\t\t\t<style>\/*! elementor - v3.6.5 - 27-04-2022 *\/\n.elementor-widget-divider{--divider-border-style:none;--divider-border-width:1px;--divider-color:#2c2c2c;--divider-icon-size:20px;--divider-element-spacing:10px;--divider-pattern-height:24px;--divider-pattern-size:20px;--divider-pattern-url:none;--divider-pattern-repeat:repeat-x}.elementor-widget-divider .elementor-divider{display:-webkit-box;display:-ms-flexbox;display:flex}.elementor-widget-divider .elementor-divider__text{font-size:15px;line-height:1;max-width:95%}.elementor-widget-divider .elementor-divider__element{margin:0 var(--divider-element-spacing);-ms-flex-negative:0;flex-shrink:0}.elementor-widget-divider .elementor-icon{font-size:var(--divider-icon-size)}.elementor-widget-divider .elementor-divider-separator{display:-webkit-box;display:-ms-flexbox;display:flex;margin:0;direction:ltr}.elementor-widget-divider--view-line_icon .elementor-divider-separator,.elementor-widget-divider--view-line_text .elementor-divider-separator{-webkit-box-align:center;-ms-flex-align:center;align-items:center}.elementor-widget-divider--view-line_icon .elementor-divider-separator:after,.elementor-widget-divider--view-line_icon .elementor-divider-separator:before,.elementor-widget-divider--view-line_text .elementor-divider-separator:after,.elementor-widget-divider--view-line_text .elementor-divider-separator:before{display:block;content:\"\";border-bottom:0;-webkit-box-flex:1;-ms-flex-positive:1;flex-grow:1;border-top:var(--divider-border-width) var(--divider-border-style) var(--divider-color)}.elementor-widget-divider--element-align-left .elementor-divider .elementor-divider-separator>.elementor-divider__svg:first-of-type{-webkit-box-flex:0;-ms-flex-positive:0;flex-grow:0;-ms-flex-negative:100;flex-shrink:100}.elementor-widget-divider--element-align-left .elementor-divider-separator:before{content:none}.elementor-widget-divider--element-align-left .elementor-divider__element{margin-left:0}.elementor-widget-divider--element-align-right .elementor-divider .elementor-divider-separator>.elementor-divider__svg:last-of-type{-webkit-box-flex:0;-ms-flex-positive:0;flex-grow:0;-ms-flex-negative:100;flex-shrink:100}.elementor-widget-divider--element-align-right .elementor-divider-separator:after{content:none}.elementor-widget-divider--element-align-right .elementor-divider__element{margin-right:0}.elementor-widget-divider:not(.elementor-widget-divider--view-line_text):not(.elementor-widget-divider--view-line_icon) .elementor-divider-separator{border-top:var(--divider-border-width) var(--divider-border-style) var(--divider-color)}.elementor-widget-divider--separator-type-pattern{--divider-border-style:none}.elementor-widget-divider--separator-type-pattern.elementor-widget-divider--view-line .elementor-divider-separator,.elementor-widget-divider--separator-type-pattern:not(.elementor-widget-divider--view-line) .elementor-divider-separator:after,.elementor-widget-divider--separator-type-pattern:not(.elementor-widget-divider--view-line) .elementor-divider-separator:before,.elementor-widget-divider--separator-type-pattern:not([class*=elementor-widget-divider--view]) .elementor-divider-separator{width:100%;min-height:var(--divider-pattern-height);-webkit-mask-size:var(--divider-pattern-size) 100%;mask-size:var(--divider-pattern-size) 100%;-webkit-mask-repeat:var(--divider-pattern-repeat);mask-repeat:var(--divider-pattern-repeat);background-color:var(--divider-color);-webkit-mask-image:var(--divider-pattern-url);mask-image:var(--divider-pattern-url)}.elementor-widget-divider--no-spacing{--divider-pattern-size:auto}.elementor-widget-divider--bg-round{--divider-pattern-repeat:round}.rtl .elementor-widget-divider .elementor-divider__text{direction:rtl}<\/style>\t\t<div class=\"elementor-divider\">\n\t\t\t<span class=\"elementor-divider-separator\">\n\t\t\t\t\t\t<\/span>\n\t\t<\/div>\n\t\t\t\t<\/div>\n\t\t\t\t<\/div>\n\t\t\t\t\t<\/div>\n\t\t<\/div>\n\t\t\t\t\t\t\t<\/div>\n\t\t<\/section>\n\t\t\t\t<section class=\"elementor-section elementor-top-section elementor-element elementor-element-5414e0ee elementor-section-boxed elementor-section-height-default elementor-section-height-default\" data-id=\"5414e0ee\" data-element_type=\"section\">\n\t\t\t\t\t\t<div class=\"elementor-container elementor-column-gap-default\">\n\t\t\t\t\t<div class=\"elementor-column elementor-col-50 elementor-top-column elementor-element elementor-element-1c48963d\" data-id=\"1c48963d\" data-element_type=\"column\">\n\t\t\t<div class=\"elementor-widget-wrap elementor-element-populated\">\n\t\t\t\t\t\t\t\t<div class=\"elementor-element elementor-element-10943f5e elementor-widget elementor-widget-image\" data-id=\"10943f5e\" data-element_type=\"widget\" data-widget_type=\"image.default\">\n\t\t\t\t<div class=\"elementor-widget-container\">\n\t\t\t\t\t\t\t\t\t\t\t\t\t\t\t<img width=\"500\" height=\"115\" src=\"http:\/\/itchapters.com\/france\/wp-content\/uploads\/sites\/5\/2022\/04\/partners-logo.png\" class=\"attachment-large size-large\" alt=\"\" srcset=\"http:\/\/itchapters.com\/france\/wp-content\/uploads\/sites\/5\/2022\/04\/partners-logo.png 500w, http:\/\/itchapters.com\/france\/wp-content\/uploads\/sites\/5\/2022\/04\/partners-logo-300x69.png 300w\" sizes=\"(max-width: 500px) 100vw, 500px\" \/>\t\t\t\t\t\t\t\t\t\t\t\t\t\t\t<\/div>\n\t\t\t\t<\/div>\n\t\t\t\t\t<\/div>\n\t\t<\/div>\n\t\t\t\t<div class=\"elementor-column elementor-col-50 elementor-top-column elementor-element elementor-element-3027a128\" data-id=\"3027a128\" data-element_type=\"column\">\n\t\t\t<div class=\"elementor-widget-wrap elementor-element-populated\">\n\t\t\t\t\t\t\t\t<div class=\"elementor-element elementor-element-10945661 elementor-widget elementor-widget-text-editor\" data-id=\"10945661\" data-element_type=\"widget\" data-widget_type=\"text-editor.default\">\n\t\t\t\t<div class=\"elementor-widget-container\">\n\t\t\t\t\t\t\t<p>\u00ab IT Chapter est un partenaire de connaissances du BRM Institute avec une \u00e9quipe globale de formateurs et de coach BRM accr\u00e9dit\u00e9s qui contribuent au d\u00e9veloppement de la discipline des relations d&#8217;affaires au Canada, en France, aux \u00c9tats-Unis et \u00e0 travers le monde en anglais, fran\u00e7ais et espagnol. En plus d&#8217;avoir form\u00e9 des centaines d&#8217;\u00e9tudiants \u00e0 l&#8217;\u00e9chelle mondiale, IT Chapter a aid\u00e9 \u200b\u200bdes individus et des organisations \u00e0 se transformer gr\u00e2ce \u00e0 leur capacit\u00e9 BRM, les amenant \u00e0 atteindre leur valeur d&#8217;affaires maximale. L&#8217;\u00e9quipe passionn\u00e9e d&#8217;experts en BRM partage leurs connaissances en tant que conf\u00e9renciers internationaux reconnus \u00e0 travers des \u00e9v\u00e9nements BRM, mais partage \u00e9galement la discipline avec les communaut\u00e9s locales. De plus, les fondateurs d&#8217;IT Chapter ont agi en tant qu&#8217;ambassadeurs du BRM Institute au Canada et en France, dirigeant et catalysant une diffusion des connaissances BRM dans ces r\u00e9gions. Leur implication exceptionnelle a \u00e9t\u00e9 reconnue lorsqu&#8217;ils ont tous les deux re\u00e7u le prix <em>Global Contribution Award<\/em> du BRM Institute. \u00bb<b><\/b><\/p>\n\t\t\t\t\t\t<\/div>\n\t\t\t\t<\/div>\n\t\t\t\t\t<\/div>\n\t\t<\/div>\n\t\t\t\t\t\t\t<\/div>\n\t\t<\/section>\n\t\t\t\t<section class=\"elementor-section elementor-top-section elementor-element elementor-element-15c9a9c3 elementor-section-boxed elementor-section-height-default elementor-section-height-default\" data-id=\"15c9a9c3\" data-element_type=\"section\">\n\t\t\t\t\t\t<div class=\"elementor-container elementor-column-gap-default\">\n\t\t\t\t\t<div class=\"elementor-column elementor-col-50 elementor-top-column elementor-element elementor-element-6314ff21\" data-id=\"6314ff21\" data-element_type=\"column\">\n\t\t\t<div class=\"elementor-widget-wrap elementor-element-populated\">\n\t\t\t\t\t\t\t\t<div class=\"elementor-element elementor-element-3a4be9e6 elementor-widget elementor-widget-image\" data-id=\"3a4be9e6\" data-element_type=\"widget\" data-widget_type=\"image.default\">\n\t\t\t\t<div class=\"elementor-widget-container\">\n\t\t\t\t\t\t\t\t\t\t\t\t\t\t\t<img width=\"150\" height=\"150\" src=\"http:\/\/itchapters.com\/france\/wp-content\/uploads\/sites\/5\/2022\/04\/grics-logo-150x150.jpeg\" class=\"attachment-thumbnail size-thumbnail\" alt=\"\" srcset=\"http:\/\/itchapters.com\/france\/wp-content\/uploads\/sites\/5\/2022\/04\/grics-logo-150x150.jpeg 150w, http:\/\/itchapters.com\/france\/wp-content\/uploads\/sites\/5\/2022\/04\/grics-logo-300x300.jpeg 300w, http:\/\/itchapters.com\/france\/wp-content\/uploads\/sites\/5\/2022\/04\/grics-logo-768x768.jpeg 768w, http:\/\/itchapters.com\/france\/wp-content\/uploads\/sites\/5\/2022\/04\/grics-logo-700x700.jpeg 700w, http:\/\/itchapters.com\/france\/wp-content\/uploads\/sites\/5\/2022\/04\/grics-logo.jpeg 900w\" sizes=\"(max-width: 150px) 100vw, 150px\" \/>\t\t\t\t\t\t\t\t\t\t\t\t\t\t\t<\/div>\n\t\t\t\t<\/div>\n\t\t\t\t\t<\/div>\n\t\t<\/div>\n\t\t\t\t<div class=\"elementor-column elementor-col-50 elementor-top-column elementor-element elementor-element-7d7403c2\" data-id=\"7d7403c2\" data-element_type=\"column\">\n\t\t\t<div class=\"elementor-widget-wrap elementor-element-populated\">\n\t\t\t\t\t\t\t\t<div class=\"elementor-element elementor-element-134a7438 elementor-widget elementor-widget-text-editor\" data-id=\"134a7438\" data-element_type=\"widget\" data-widget_type=\"text-editor.default\">\n\t\t\t\t<div class=\"elementor-widget-container\">\n\t\t\t\t\t\t\t<p>\u00ab La GRICS a choisi IT Chapter pour organiser une formation sur le service \u00e0 la client\u00e8le pour les agents de son centre contact client. IT Chapter a rempli le mandat confi\u00e9 au-del\u00e0 des attentes, nos employ\u00e9s ont \u00e9t\u00e9 grandement satisfaits et ceci va s\u00fbrement se refl\u00e9ter sur la qualit\u00e9 de nos services. Merci pour cette excellente formation !<\/p>\n<p>Nous recommandons fortement IT Chapter. \u00bb<\/p>\n<p>&nbsp;<\/p>\n\t\t\t\t\t\t<\/div>\n\t\t\t\t<\/div>\n\t\t\t\t\t<\/div>\n\t\t<\/div>\n\t\t\t\t\t\t\t<\/div>\n\t\t<\/section>\n\t\t\t\t\t\t\t<\/div>\n\t\t","protected":false},"excerpt":{"rendered":"<p>T\u00e9moignages Chez IT Chapter, nous comprenons l&#8217;importance d&#8217;\u00e9tablir la confiance afin de construire des partenariats solides. D\u00e9couvrez ce que nos partenaires et \u00e9tudiants ont \u00e0 dire sur nous ! Cliquez\u00a0ICI pour lire\u00a0les avis de nos \u00e9tudiants et de nos clients. \u00ab IT Chapter est un partenaire de connaissances du BRM Institute avec une \u00e9quipe globale [&hellip;]<\/p>\n","protected":false},"author":9,"featured_media":0,"parent":0,"menu_order":0,"comment_status":"closed","ping_status":"closed","template":"elementor_header_footer","meta":[],"yoast_head":"<!-- This site is optimized with the Yoast SEO Premium plugin v17.4 (Yoast SEO v18.6) - https:\/\/yoast.com\/wordpress\/plugins\/seo\/ -->\n<title>T\u00e9moignages - Itchapter - France<\/title>\n<meta name=\"robots\" content=\"noindex, follow, max-snippet:-1, max-image-preview:large, max-video-preview:-1\" \/>\n<meta property=\"og:locale\" content=\"en_US\" \/>\n<meta property=\"og:type\" content=\"article\" \/>\n<meta property=\"og:title\" content=\"T\u00e9moignages\" \/>\n<meta property=\"og:description\" content=\"T\u00e9moignages Chez IT Chapter, nous comprenons l&#8217;importance d&#8217;\u00e9tablir la confiance afin de construire des partenariats solides. D\u00e9couvrez ce que nos partenaires et \u00e9tudiants ont \u00e0 dire sur nous ! Cliquez\u00a0ICI pour lire\u00a0les avis de nos \u00e9tudiants et de nos clients. \u00ab IT Chapter est un partenaire de connaissances du BRM Institute avec une \u00e9quipe globale [&hellip;]\" \/>\n<meta property=\"og:url\" content=\"http:\/\/itchapters.com\/france\/temoignages\/\" \/>\n<meta property=\"og:site_name\" content=\"Itchapter - France\" \/>\n<meta property=\"article:modified_time\" content=\"2022-04-24T21:13:22+00:00\" \/>\n<meta property=\"og:image\" content=\"http:\/\/itchapters.com\/fr\/wp-content\/uploads\/sites\/5\/2022\/04\/google-reviews-logo-1.jpg\" \/>\n<meta name=\"twitter:card\" content=\"summary_large_image\" \/>\n<meta name=\"twitter:label1\" content=\"Est. reading time\" \/>\n\t<meta name=\"twitter:data1\" content=\"1 minute\" \/>\n<script type=\"application\/ld+json\" class=\"yoast-schema-graph\">{\"@context\":\"https:\/\/schema.org\",\"@graph\":[{\"@type\":\"WebSite\",\"@id\":\"http:\/\/itchapters.com\/france\/#website\",\"url\":\"http:\/\/itchapters.com\/france\/\",\"name\":\"Itchapter - France\",\"description\":\"Just another IT CHAPTER Sites site\",\"potentialAction\":[{\"@type\":\"SearchAction\",\"target\":{\"@type\":\"EntryPoint\",\"urlTemplate\":\"http:\/\/itchapters.com\/france\/?s={search_term_string}\"},\"query-input\":\"required name=search_term_string\"}],\"inLanguage\":\"en-US\"},{\"@type\":\"ImageObject\",\"@id\":\"http:\/\/itchapters.com\/france\/temoignages\/#primaryimage\",\"inLanguage\":\"en-US\",\"url\":\"http:\/\/itchapters.com\/fr\/wp-content\/uploads\/sites\/5\/2022\/04\/google-reviews-logo-1.jpg\",\"contentUrl\":\"http:\/\/itchapters.com\/fr\/wp-content\/uploads\/sites\/5\/2022\/04\/google-reviews-logo-1.jpg\"},{\"@type\":\"WebPage\",\"@id\":\"http:\/\/itchapters.com\/france\/temoignages\/#webpage\",\"url\":\"http:\/\/itchapters.com\/france\/temoignages\/\",\"name\":\"T\u00e9moignages - Itchapter - France\",\"isPartOf\":{\"@id\":\"http:\/\/itchapters.com\/france\/#website\"},\"primaryImageOfPage\":{\"@id\":\"http:\/\/itchapters.com\/france\/temoignages\/#primaryimage\"},\"datePublished\":\"2021-08-11T19:02:18+00:00\",\"dateModified\":\"2022-04-24T21:13:22+00:00\",\"breadcrumb\":{\"@id\":\"http:\/\/itchapters.com\/france\/temoignages\/#breadcrumb\"},\"inLanguage\":\"en-US\",\"potentialAction\":[{\"@type\":\"ReadAction\",\"target\":[\"http:\/\/itchapters.com\/france\/temoignages\/\"]}]},{\"@type\":\"BreadcrumbList\",\"@id\":\"http:\/\/itchapters.com\/france\/temoignages\/#breadcrumb\",\"itemListElement\":[{\"@type\":\"ListItem\",\"position\":1,\"name\":\"Home\",\"item\":\"http:\/\/itchapters.com\/france\/\"},{\"@type\":\"ListItem\",\"position\":2,\"name\":\"T\u00e9moignages\"}]}]}<\/script>\n<!-- \/ Yoast SEO Premium plugin. -->","yoast_head_json":{"title":"T\u00e9moignages - Itchapter - France","robots":{"index":"noindex","follow":"follow","max-snippet":"max-snippet:-1","max-image-preview":"max-image-preview:large","max-video-preview":"max-video-preview:-1"},"og_locale":"en_US","og_type":"article","og_title":"T\u00e9moignages","og_description":"T\u00e9moignages Chez IT Chapter, nous comprenons l&#8217;importance d&#8217;\u00e9tablir la confiance afin de construire des partenariats solides. D\u00e9couvrez ce que nos partenaires et \u00e9tudiants ont \u00e0 dire sur nous ! Cliquez\u00a0ICI pour lire\u00a0les avis de nos \u00e9tudiants et de nos clients. \u00ab IT Chapter est un partenaire de connaissances du BRM Institute avec une \u00e9quipe globale [&hellip;]","og_url":"http:\/\/itchapters.com\/france\/temoignages\/","og_site_name":"Itchapter - France","article_modified_time":"2022-04-24T21:13:22+00:00","og_image":[{"url":"http:\/\/itchapters.com\/fr\/wp-content\/uploads\/sites\/5\/2022\/04\/google-reviews-logo-1.jpg"}],"twitter_card":"summary_large_image","twitter_misc":{"Est. reading time":"1 minute"},"schema":{"@context":"https:\/\/schema.org","@graph":[{"@type":"WebSite","@id":"http:\/\/itchapters.com\/france\/#website","url":"http:\/\/itchapters.com\/france\/","name":"Itchapter - France","description":"Just another IT CHAPTER Sites site","potentialAction":[{"@type":"SearchAction","target":{"@type":"EntryPoint","urlTemplate":"http:\/\/itchapters.com\/france\/?s={search_term_string}"},"query-input":"required name=search_term_string"}],"inLanguage":"en-US"},{"@type":"ImageObject","@id":"http:\/\/itchapters.com\/france\/temoignages\/#primaryimage","inLanguage":"en-US","url":"http:\/\/itchapters.com\/fr\/wp-content\/uploads\/sites\/5\/2022\/04\/google-reviews-logo-1.jpg","contentUrl":"http:\/\/itchapters.com\/fr\/wp-content\/uploads\/sites\/5\/2022\/04\/google-reviews-logo-1.jpg"},{"@type":"WebPage","@id":"http:\/\/itchapters.com\/france\/temoignages\/#webpage","url":"http:\/\/itchapters.com\/france\/temoignages\/","name":"T\u00e9moignages - Itchapter - France","isPartOf":{"@id":"http:\/\/itchapters.com\/france\/#website"},"primaryImageOfPage":{"@id":"http:\/\/itchapters.com\/france\/temoignages\/#primaryimage"},"datePublished":"2021-08-11T19:02:18+00:00","dateModified":"2022-04-24T21:13:22+00:00","breadcrumb":{"@id":"http:\/\/itchapters.com\/france\/temoignages\/#breadcrumb"},"inLanguage":"en-US","potentialAction":[{"@type":"ReadAction","target":["http:\/\/itchapters.com\/france\/temoignages\/"]}]},{"@type":"BreadcrumbList","@id":"http:\/\/itchapters.com\/france\/temoignages\/#breadcrumb","itemListElement":[{"@type":"ListItem","position":1,"name":"Home","item":"http:\/\/itchapters.com\/france\/"},{"@type":"ListItem","position":2,"name":"T\u00e9moignages"}]}]}},"_links":{"self":[{"href":"http:\/\/itchapters.com\/france\/wp-json\/wp\/v2\/pages\/4338"}],"collection":[{"href":"http:\/\/itchapters.com\/france\/wp-json\/wp\/v2\/pages"}],"about":[{"href":"http:\/\/itchapters.com\/france\/wp-json\/wp\/v2\/types\/page"}],"author":[{"embeddable":true,"href":"http:\/\/itchapters.com\/france\/wp-json\/wp\/v2\/users\/9"}],"replies":[{"embeddable":true,"href":"http:\/\/itchapters.com\/france\/wp-json\/wp\/v2\/comments?post=4338"}],"version-history":[{"count":3,"href":"http:\/\/itchapters.com\/france\/wp-json\/wp\/v2\/pages\/4338\/revisions"}],"predecessor-version":[{"id":4981,"href":"http:\/\/itchapters.com\/france\/wp-json\/wp\/v2\/pages\/4338\/revisions\/4981"}],"wp:attachment":[{"href":"http:\/\/itchapters.com\/france\/wp-json\/wp\/v2\/media?parent=4338"}],"curies":[{"name":"wp","href":"https:\/\/api.w.org\/{rel}","templated":true}]}}