{"id":325,"date":"2022-04-24T16:03:52","date_gmt":"2022-04-24T16:03:52","guid":{"rendered":"http:\/\/itchapters.com\/fr\/expertise\/"},"modified":"2022-04-24T16:04:32","modified_gmt":"2022-04-24T16:04:32","slug":"expertise","status":"publish","type":"page","link":"http:\/\/itchapters.com\/france\/expertise\/","title":{"rendered":"Expertise"},"content":{"rendered":"\t\t<div data-elementor-type=\"wp-page\" data-elementor-id=\"325\" class=\"elementor elementor-325\">\n\t\t\t\t\t\t\t\t\t<section class=\"elementor-section elementor-top-section elementor-element elementor-element-1493d1d1 elementor-section-boxed elementor-section-height-default elementor-section-height-default\" data-id=\"1493d1d1\" data-element_type=\"section\" data-settings=\"{&quot;background_background&quot;:&quot;classic&quot;}\">\n\t\t\t\t\t\t<div class=\"elementor-container elementor-column-gap-default\">\n\t\t\t\t\t<div class=\"elementor-column elementor-col-50 elementor-top-column elementor-element elementor-element-623b71ad\" data-id=\"623b71ad\" data-element_type=\"column\" data-settings=\"{&quot;background_background&quot;:&quot;classic&quot;}\">\n\t\t\t<div class=\"elementor-widget-wrap elementor-element-populated\">\n\t\t\t\t\t<div class=\"elementor-background-overlay\"><\/div>\n\t\t\t\t\t\t\t\t<div class=\"elementor-element elementor-element-2c20db95 elementor-widget elementor-widget-text-editor\" data-id=\"2c20db95\" data-element_type=\"widget\" data-widget_type=\"text-editor.default\">\n\t\t\t\t<div class=\"elementor-widget-container\">\n\t\t\t<style>\/*! elementor - v3.6.5 - 27-04-2022 *\/\n.elementor-widget-text-editor.elementor-drop-cap-view-stacked .elementor-drop-cap{background-color:#818a91;color:#fff}.elementor-widget-text-editor.elementor-drop-cap-view-framed .elementor-drop-cap{color:#818a91;border:3px solid;background-color:transparent}.elementor-widget-text-editor:not(.elementor-drop-cap-view-default) .elementor-drop-cap{margin-top:8px}.elementor-widget-text-editor:not(.elementor-drop-cap-view-default) .elementor-drop-cap-letter{width:1em;height:1em}.elementor-widget-text-editor .elementor-drop-cap{float:left;text-align:center;line-height:1;font-size:50px}.elementor-widget-text-editor .elementor-drop-cap-letter{display:inline-block}<\/style>\t\t\t\t<h1><span style=\"color: #211e4e; font-size: 3rem;\"><b>Expertise<\/b><\/span><\/h1><div id=\"comp-jycurx9d\" class=\"_1Z_nJ\" data-testid=\"richTextElement\"><p class=\"font_7\">Chez IT Chapter, vous trouverez une \u00e9quipe de consultants et formateurs s\u00e9niors, tous certifi\u00e9s dans leurs domaines et constitu\u00e9e exclusivement des meilleurs de l&#8217;industrie et des services. Nous vous offrons une expertise de 15 ann\u00e9es en service-conseils et formation.<\/p><\/div>\t\t\t\t\t\t<\/div>\n\t\t\t\t<\/div>\n\t\t\t\t<div class=\"elementor-element elementor-element-20fe93c6 elementor-align-left elementor-widget elementor-widget-button\" data-id=\"20fe93c6\" data-element_type=\"widget\" data-widget_type=\"button.default\">\n\t\t\t\t<div class=\"elementor-widget-container\">\n\t\t\t\t\t<div class=\"elementor-button-wrapper\">\n\t\t\t<a href=\"https:\/\/share.hsforms.com\/14fct-TM4S52Qku7jM_4IcQ3i60x\" target=\"_blank\" class=\"elementor-button-link elementor-button elementor-size-md\" role=\"button\">\n\t\t\t\t\t\t<span class=\"elementor-button-content-wrapper\">\n\t\t\t\t\t\t<span class=\"elementor-button-text\">LAISSEZ-NOUS VOUS CONTACTER<\/span>\n\t\t<\/span>\n\t\t\t\t\t<\/a>\n\t\t<\/div>\n\t\t\t\t<\/div>\n\t\t\t\t<\/div>\n\t\t\t\t\t<\/div>\n\t\t<\/div>\n\t\t\t\t<div class=\"elementor-column elementor-col-50 elementor-top-column elementor-element elementor-element-4af13e43\" data-id=\"4af13e43\" data-element_type=\"column\">\n\t\t\t<div class=\"elementor-widget-wrap\">\n\t\t\t\t\t\t\t\t\t<\/div>\n\t\t<\/div>\n\t\t\t\t\t\t\t<\/div>\n\t\t<\/section>\n\t\t\t\t<section class=\"elementor-section elementor-top-section elementor-element elementor-element-4cf1488 elementor-section-boxed elementor-section-height-default elementor-section-height-default\" data-id=\"4cf1488\" data-element_type=\"section\">\n\t\t\t\t\t\t<div class=\"elementor-container elementor-column-gap-default\">\n\t\t\t\t\t<div class=\"elementor-column elementor-col-100 elementor-top-column elementor-element elementor-element-47de2315\" data-id=\"47de2315\" data-element_type=\"column\">\n\t\t\t<div class=\"elementor-widget-wrap elementor-element-populated\">\n\t\t\t\t\t\t\t\t<div class=\"elementor-element elementor-element-40daa902 elementor-widget elementor-widget-text-editor\" data-id=\"40daa902\" data-element_type=\"widget\" data-widget_type=\"text-editor.default\">\n\t\t\t\t<div class=\"elementor-widget-container\">\n\t\t\t\t\t\t\t<p style=\"text-align: center;\">\u00a0<\/p><p style=\"text-align: center;\">\u00a0<\/p><p style=\"text-align: center;\">Plus que jamais, les entreprises ont besoin de concr\u00e9tiser leur transformation num\u00e9rique, ce qui n\u00e9cessite une certaine familiarit\u00e9 avec les technologies et les nouvelles tendances de l&#8217;informatique. Nos consultants restent \u00e0 l\u2019aff\u00fbt des \u00e9volutions technologiques. Notre expertise aide votre organisation \u00e0 atteindre les objectifs strat\u00e9giques.<\/p>\t\t\t\t\t\t<\/div>\n\t\t\t\t<\/div>\n\t\t\t\t\t<\/div>\n\t\t<\/div>\n\t\t\t\t\t\t\t<\/div>\n\t\t<\/section>\n\t\t\t\t<section class=\"elementor-section elementor-top-section elementor-element elementor-element-65c60cf4 elementor-section-boxed elementor-section-height-default elementor-section-height-default\" data-id=\"65c60cf4\" data-element_type=\"section\">\n\t\t\t\t\t\t<div class=\"elementor-container elementor-column-gap-default\">\n\t\t\t\t\t<div class=\"elementor-column elementor-col-50 elementor-top-column elementor-element elementor-element-30df6d34 hoverImg\" data-id=\"30df6d34\" data-element_type=\"column\">\n\t\t\t<div class=\"elementor-widget-wrap elementor-element-populated\">\n\t\t\t\t\t\t\t\t<div class=\"elementor-element elementor-element-49d7d58d elementor-widget elementor-widget-e_image_hover_effects\" data-id=\"49d7d58d\" data-element_type=\"widget\" data-widget_type=\"e_image_hover_effects.default\">\n\t\t\t\t<div class=\"elementor-widget-container\">\n\t\t\t\t\t\t<div class=\"eihe-box eihe-fade-in-up eihe_center\">\n\t\t\t\t<img width=\"355\" height=\"355\" src=\"http:\/\/itchapters.com\/france\/wp-content\/uploads\/sites\/5\/2022\/04\/12f18e_5efeb30b95ca491d9a3c41f6c168a851_mv2.png\" class=\"attachment-medium_large size-medium_large\" alt=\"\" srcset=\"http:\/\/itchapters.com\/france\/wp-content\/uploads\/sites\/5\/2022\/04\/12f18e_5efeb30b95ca491d9a3c41f6c168a851_mv2.png 355w, http:\/\/itchapters.com\/france\/wp-content\/uploads\/sites\/5\/2022\/04\/12f18e_5efeb30b95ca491d9a3c41f6c168a851_mv2-300x300.png 300w, http:\/\/itchapters.com\/france\/wp-content\/uploads\/sites\/5\/2022\/04\/12f18e_5efeb30b95ca491d9a3c41f6c168a851_mv2-150x150.png 150w\" sizes=\"(max-width: 355px) 100vw, 355px\" \/>\t\t\t\t<div class=\"eihe-caption\">\n\t\t\t\t\t<div class=\"eihe-title-cover\">\n\t\t\t\t\t\t\t\t\t\t\t\t<h3 class=\"eihe-title\">GESTION DES SERVICES INFORMATIQUES<\/h3>\n\t\t\t\t\t\t\t\t\t\t\t<\/div>\n\t\t\t\t\t<p><ul style=\"text-align:left\">\n\t<li>\n\t<p>\u00c9valuations de processus, feuille de route ITSM, r\u00e9f\u00e9rentiel ITSM<\/p>\n\t<\/li>\n\t<li>\n\t<p>Ing\u00e9nierie et am\u00e9lioration des processus informatiques<\/p>\n\t<\/li>\n\t<li>\n\t<p>Bureaux de service et catalogues de services<\/p>\n\t<\/li>\n<li>\n\t<p>ITAM (IT Asset Management)<\/p><\/li>\n<li>\n\t<p>DevOps, Agile<\/p><\/li>\n\n<li>\n\t<p>Solution Architecture, livraison Ops et soutien<\/p><\/li>\n<li>\n\t<p>Formation (ITIL, Agile, DevOps, ITAM,etc.)<\/p><\/li>\n<\/ul>\n\n\n\n\n\n\n<\/p>\n\t\t\t\t<\/div>\n\t\t\t<\/div>\n\t\t\t\t<\/div>\n\t\t\t\t<\/div>\n\t\t\t\t<div class=\"elementor-element elementor-element-2a3665cd hoverTitle elementor-widget elementor-widget-heading\" data-id=\"2a3665cd\" data-element_type=\"widget\" data-widget_type=\"heading.default\">\n\t\t\t\t<div class=\"elementor-widget-container\">\n\t\t\t<style>\/*! elementor - v3.6.5 - 27-04-2022 *\/\n.elementor-heading-title{padding:0;margin:0;line-height:1}.elementor-widget-heading .elementor-heading-title[class*=elementor-size-]>a{color:inherit;font-size:inherit;line-height:inherit}.elementor-widget-heading .elementor-heading-title.elementor-size-small{font-size:15px}.elementor-widget-heading .elementor-heading-title.elementor-size-medium{font-size:19px}.elementor-widget-heading .elementor-heading-title.elementor-size-large{font-size:29px}.elementor-widget-heading .elementor-heading-title.elementor-size-xl{font-size:39px}.elementor-widget-heading .elementor-heading-title.elementor-size-xxl{font-size:59px}<\/style><h2 class=\"elementor-heading-title elementor-size-default\">GESTION DES SERVICES INFORMATIQUES<\/h2>\t\t<\/div>\n\t\t\t\t<\/div>\n\t\t\t\t\t<\/div>\n\t\t<\/div>\n\t\t\t\t<div class=\"elementor-column elementor-col-50 elementor-top-column elementor-element elementor-element-69f9f219 hoverImg\" data-id=\"69f9f219\" data-element_type=\"column\">\n\t\t\t<div class=\"elementor-widget-wrap elementor-element-populated\">\n\t\t\t\t\t\t\t\t<div class=\"elementor-element elementor-element-1b19ddfa elementor-widget elementor-widget-e_image_hover_effects\" data-id=\"1b19ddfa\" data-element_type=\"widget\" data-widget_type=\"e_image_hover_effects.default\">\n\t\t\t\t<div class=\"elementor-widget-container\">\n\t\t\t\t\t\t<div class=\"eihe-box eihe-fade-in-up eihe_center\">\n\t\t\t\t<img width=\"355\" height=\"356\" src=\"http:\/\/itchapters.com\/france\/wp-content\/uploads\/sites\/5\/2022\/04\/12f18e_c9034b536d1d4c17a17fa9a9ccea77db_mv2.png\" class=\"attachment-medium_large size-medium_large\" alt=\"\" srcset=\"http:\/\/itchapters.com\/france\/wp-content\/uploads\/sites\/5\/2022\/04\/12f18e_c9034b536d1d4c17a17fa9a9ccea77db_mv2.png 355w, http:\/\/itchapters.com\/france\/wp-content\/uploads\/sites\/5\/2022\/04\/12f18e_c9034b536d1d4c17a17fa9a9ccea77db_mv2-300x300.png 300w, http:\/\/itchapters.com\/france\/wp-content\/uploads\/sites\/5\/2022\/04\/12f18e_c9034b536d1d4c17a17fa9a9ccea77db_mv2-150x150.png 150w\" sizes=\"(max-width: 355px) 100vw, 355px\" \/>\t\t\t\t<div class=\"eihe-caption\">\n\t\t\t\t\t<div class=\"eihe-title-cover\">\n\t\t\t\t\t\t\t\t\t\t\t\t<h3 class=\"eihe-title\">GOUVERNANCE DES TECHNOLOGIES DE L'INFORMATION<\/h3>\n\t\t\t\t\t\t\t\t\t\t\t<\/div>\n\t\t\t\t\t<p><ul style=\"text-align:left\">\n<li><p>\u00c9valuations, planification, r\u00e9f\u00e9rentiel de la gouvernance des technologies de l'information<\/p><\/li>\n\n<li><p>Tableaux de bord, rapports de performance<\/p><\/li>\n\n<li><p>Politiques, proc\u00e9dures, conformit\u00e9 SOX<\/p><\/li>\n\n<li><p>Formation - COBIT<\/p><\/li><\/ul><\/p>\n\t\t\t\t<\/div>\n\t\t\t<\/div>\n\t\t\t\t<\/div>\n\t\t\t\t<\/div>\n\t\t\t\t<div class=\"elementor-element elementor-element-50fcd22b hoverTitle elementor-widget elementor-widget-heading\" data-id=\"50fcd22b\" data-element_type=\"widget\" data-widget_type=\"heading.default\">\n\t\t\t\t<div class=\"elementor-widget-container\">\n\t\t\t<h2 class=\"elementor-heading-title elementor-size-default\">GOUVERNANCE DES TECHNOLOGIES DE L'INFORMATION<\/h2>\t\t<\/div>\n\t\t\t\t<\/div>\n\t\t\t\t\t<\/div>\n\t\t<\/div>\n\t\t\t\t\t\t\t<\/div>\n\t\t<\/section>\n\t\t\t\t<section class=\"elementor-section elementor-top-section elementor-element elementor-element-43d2d4c4 elementor-section-boxed elementor-section-height-default elementor-section-height-default\" data-id=\"43d2d4c4\" data-element_type=\"section\">\n\t\t\t\t\t\t<div class=\"elementor-container elementor-column-gap-default\">\n\t\t\t\t\t<div class=\"elementor-column elementor-col-50 elementor-top-column elementor-element elementor-element-5aa32ece hoverImg\" data-id=\"5aa32ece\" data-element_type=\"column\">\n\t\t\t<div class=\"elementor-widget-wrap elementor-element-populated\">\n\t\t\t\t\t\t\t\t<div class=\"elementor-element elementor-element-5dd3684f elementor-widget elementor-widget-e_image_hover_effects\" data-id=\"5dd3684f\" data-element_type=\"widget\" data-widget_type=\"e_image_hover_effects.default\">\n\t\t\t\t<div class=\"elementor-widget-container\">\n\t\t\t\t\t\t<div class=\"eihe-box eihe-fade-in-up eihe_center\">\n\t\t\t\t<img width=\"355\" height=\"355\" src=\"http:\/\/itchapters.com\/france\/wp-content\/uploads\/sites\/5\/2022\/04\/information-security-cyber-security.png\" class=\"attachment-medium_large size-medium_large\" alt=\"\" srcset=\"http:\/\/itchapters.com\/france\/wp-content\/uploads\/sites\/5\/2022\/04\/information-security-cyber-security.png 355w, http:\/\/itchapters.com\/france\/wp-content\/uploads\/sites\/5\/2022\/04\/information-security-cyber-security-300x300.png 300w, http:\/\/itchapters.com\/france\/wp-content\/uploads\/sites\/5\/2022\/04\/information-security-cyber-security-150x150.png 150w\" sizes=\"(max-width: 355px) 100vw, 355px\" \/>\t\t\t\t<div class=\"eihe-caption\">\n\t\t\t\t\t<div class=\"eihe-title-cover\">\n\t\t\t\t\t\t\t\t\t\t\t\t<h3 class=\"eihe-title\">S\u00c9CURIT\u00c9 DE L'INFORMATION  &amp; CYBERS\u00c9CURIT\u00c9<\/h3>\n\t\t\t\t\t\t\t\t\t\t\t<\/div>\n\t\t\t\t\t<p><ul style=\"text-align:left\">\n<li><p>\u00c9valuations, feuille de route, r\u00e9f\u00e9rentiel  de gouvernance des technologies de l'information<\/p><\/li>\n\n<li><p>Tableaux de bord, rapports de performance<\/p><\/li>\n\n<li><p>Politiques, proc\u00e9dures, conformit\u00e9 SOX<\/p><\/li>\n\n<li><p>Formation - COBIT<\/p><\/li>\n<\/ul><\/p>\n\t\t\t\t<\/div>\n\t\t\t<\/div>\n\t\t\t\t<\/div>\n\t\t\t\t<\/div>\n\t\t\t\t<div class=\"elementor-element elementor-element-6944d3f9 hoverTitle elementor-widget elementor-widget-heading\" data-id=\"6944d3f9\" data-element_type=\"widget\" data-widget_type=\"heading.default\">\n\t\t\t\t<div class=\"elementor-widget-container\">\n\t\t\t<h2 class=\"elementor-heading-title elementor-size-default\">S\u00c9CURIT\u00c9 DE L'INFORMATION  & CYBERS\u00c9CURIT\u00c9\n<\/h2>\t\t<\/div>\n\t\t\t\t<\/div>\n\t\t\t\t\t<\/div>\n\t\t<\/div>\n\t\t\t\t<div class=\"elementor-column elementor-col-50 elementor-top-column elementor-element elementor-element-10195a95 hoverImg\" data-id=\"10195a95\" data-element_type=\"column\">\n\t\t\t<div class=\"elementor-widget-wrap elementor-element-populated\">\n\t\t\t\t\t\t\t\t<div class=\"elementor-element elementor-element-5db50db3 elementor-widget elementor-widget-e_image_hover_effects\" data-id=\"5db50db3\" data-element_type=\"widget\" data-widget_type=\"e_image_hover_effects.default\">\n\t\t\t\t<div class=\"elementor-widget-container\">\n\t\t\t\t\t\t<div class=\"eihe-box eihe-fade-in-up eihe_center\">\n\t\t\t\t<img width=\"355\" height=\"355\" src=\"http:\/\/itchapters.com\/france\/wp-content\/uploads\/sites\/5\/2022\/04\/other.png\" class=\"attachment-medium_large size-medium_large\" alt=\"\" srcset=\"http:\/\/itchapters.com\/france\/wp-content\/uploads\/sites\/5\/2022\/04\/other.png 355w, http:\/\/itchapters.com\/france\/wp-content\/uploads\/sites\/5\/2022\/04\/other-300x300.png 300w, http:\/\/itchapters.com\/france\/wp-content\/uploads\/sites\/5\/2022\/04\/other-150x150.png 150w\" sizes=\"(max-width: 355px) 100vw, 355px\" \/>\t\t\t\t<div class=\"eihe-caption\">\n\t\t\t\t\t<div class=\"eihe-title-cover\">\n\t\t\t\t\t\t\t\t\t\t\t\t<h3 class=\"eihe-title\">AUTRE EXPERTISE<\/h3>\n\t\t\t\t\t\t\t\t\t\t\t<\/div>\n\t\t\t\t\t<p><ul style=\"text-align:left\">\n<li><p>Gestion de projet  <\/p><\/li>\n\n<li><p>\nGestion des relations d\u2019affaires  <\/p><\/li>\n\n<li><p>Gestion du changement<\/p><\/li><\/ul><\/p>\n\t\t\t\t<\/div>\n\t\t\t<\/div>\n\t\t\t\t<\/div>\n\t\t\t\t<\/div>\n\t\t\t\t<div class=\"elementor-element elementor-element-315e36b1 hoverTitle elementor-widget elementor-widget-heading\" data-id=\"315e36b1\" data-element_type=\"widget\" data-widget_type=\"heading.default\">\n\t\t\t\t<div class=\"elementor-widget-container\">\n\t\t\t<h2 class=\"elementor-heading-title elementor-size-default\">AUTRE EXPERTISE<\/h2>\t\t<\/div>\n\t\t\t\t<\/div>\n\t\t\t\t\t<\/div>\n\t\t<\/div>\n\t\t\t\t\t\t\t<\/div>\n\t\t<\/section>\n\t\t\t\t\t\t\t<\/div>\n\t\t","protected":false},"excerpt":{"rendered":"<p>Expertise Chez IT Chapter, vous trouverez une \u00e9quipe de consultants et formateurs s\u00e9niors, tous certifi\u00e9s dans leurs domaines et constitu\u00e9e exclusivement des meilleurs de l&#8217;industrie et des services. Nous vous offrons une expertise de 15 ann\u00e9es en service-conseils et formation. LAISSEZ-NOUS VOUS CONTACTER \u00a0 \u00a0 Plus que jamais, les entreprises ont besoin de concr\u00e9tiser leur [&hellip;]<\/p>\n","protected":false},"author":9,"featured_media":0,"parent":0,"menu_order":0,"comment_status":"closed","ping_status":"closed","template":"elementor_header_footer","meta":[],"yoast_head":"<!-- This site is optimized with the Yoast SEO Premium plugin v17.4 (Yoast SEO v18.6) - https:\/\/yoast.com\/wordpress\/plugins\/seo\/ -->\n<title>Expertise - Itchapter - France<\/title>\n<meta name=\"robots\" content=\"noindex, follow, max-snippet:-1, max-image-preview:large, max-video-preview:-1\" \/>\n<meta property=\"og:locale\" content=\"en_US\" \/>\n<meta property=\"og:type\" content=\"article\" \/>\n<meta property=\"og:title\" content=\"Expertise\" \/>\n<meta property=\"og:description\" content=\"Expertise Chez IT Chapter, vous trouverez une \u00e9quipe de consultants et formateurs s\u00e9niors, tous certifi\u00e9s dans leurs domaines et constitu\u00e9e exclusivement des meilleurs de l&#8217;industrie et des services. Nous vous offrons une expertise de 15 ann\u00e9es en service-conseils et formation. LAISSEZ-NOUS VOUS CONTACTER \u00a0 \u00a0 Plus que jamais, les entreprises ont besoin de concr\u00e9tiser leur [&hellip;]\" \/>\n<meta property=\"og:url\" content=\"http:\/\/itchapters.com\/france\/expertise\/\" \/>\n<meta property=\"og:site_name\" content=\"Itchapter - France\" \/>\n<meta property=\"article:modified_time\" content=\"2022-04-24T16:04:32+00:00\" \/>\n<meta property=\"og:image\" content=\"http:\/\/itchapters.com\/fr\/wp-content\/uploads\/sites\/5\/2022\/04\/12f18e_5efeb30b95ca491d9a3c41f6c168a851_mv2.png\" \/>\n<meta name=\"twitter:card\" content=\"summary_large_image\" \/>\n<meta name=\"twitter:label1\" content=\"Est. reading time\" \/>\n\t<meta name=\"twitter:data1\" content=\"1 minute\" \/>\n<script type=\"application\/ld+json\" class=\"yoast-schema-graph\">{\"@context\":\"https:\/\/schema.org\",\"@graph\":[{\"@type\":\"WebSite\",\"@id\":\"http:\/\/itchapters.com\/france\/#website\",\"url\":\"http:\/\/itchapters.com\/france\/\",\"name\":\"Itchapter - France\",\"description\":\"Just another IT CHAPTER Sites site\",\"potentialAction\":[{\"@type\":\"SearchAction\",\"target\":{\"@type\":\"EntryPoint\",\"urlTemplate\":\"http:\/\/itchapters.com\/france\/?s={search_term_string}\"},\"query-input\":\"required name=search_term_string\"}],\"inLanguage\":\"en-US\"},{\"@type\":\"ImageObject\",\"@id\":\"http:\/\/itchapters.com\/france\/expertise\/#primaryimage\",\"inLanguage\":\"en-US\",\"url\":\"http:\/\/itchapters.com\/fr\/wp-content\/uploads\/sites\/5\/2022\/04\/12f18e_5efeb30b95ca491d9a3c41f6c168a851_mv2.png\",\"contentUrl\":\"http:\/\/itchapters.com\/fr\/wp-content\/uploads\/sites\/5\/2022\/04\/12f18e_5efeb30b95ca491d9a3c41f6c168a851_mv2.png\"},{\"@type\":\"WebPage\",\"@id\":\"http:\/\/itchapters.com\/france\/expertise\/#webpage\",\"url\":\"http:\/\/itchapters.com\/france\/expertise\/\",\"name\":\"Expertise - Itchapter - France\",\"isPartOf\":{\"@id\":\"http:\/\/itchapters.com\/france\/#website\"},\"primaryImageOfPage\":{\"@id\":\"http:\/\/itchapters.com\/france\/expertise\/#primaryimage\"},\"datePublished\":\"2022-04-24T16:03:52+00:00\",\"dateModified\":\"2022-04-24T16:04:32+00:00\",\"breadcrumb\":{\"@id\":\"http:\/\/itchapters.com\/france\/expertise\/#breadcrumb\"},\"inLanguage\":\"en-US\",\"potentialAction\":[{\"@type\":\"ReadAction\",\"target\":[\"http:\/\/itchapters.com\/france\/expertise\/\"]}]},{\"@type\":\"BreadcrumbList\",\"@id\":\"http:\/\/itchapters.com\/france\/expertise\/#breadcrumb\",\"itemListElement\":[{\"@type\":\"ListItem\",\"position\":1,\"name\":\"Home\",\"item\":\"http:\/\/itchapters.com\/france\/\"},{\"@type\":\"ListItem\",\"position\":2,\"name\":\"Expertise\"}]}]}<\/script>\n<!-- \/ Yoast SEO Premium plugin. -->","yoast_head_json":{"title":"Expertise - Itchapter - France","robots":{"index":"noindex","follow":"follow","max-snippet":"max-snippet:-1","max-image-preview":"max-image-preview:large","max-video-preview":"max-video-preview:-1"},"og_locale":"en_US","og_type":"article","og_title":"Expertise","og_description":"Expertise Chez IT Chapter, vous trouverez une \u00e9quipe de consultants et formateurs s\u00e9niors, tous certifi\u00e9s dans leurs domaines et constitu\u00e9e exclusivement des meilleurs de l&#8217;industrie et des services. Nous vous offrons une expertise de 15 ann\u00e9es en service-conseils et formation. LAISSEZ-NOUS VOUS CONTACTER \u00a0 \u00a0 Plus que jamais, les entreprises ont besoin de concr\u00e9tiser leur [&hellip;]","og_url":"http:\/\/itchapters.com\/france\/expertise\/","og_site_name":"Itchapter - France","article_modified_time":"2022-04-24T16:04:32+00:00","og_image":[{"url":"http:\/\/itchapters.com\/fr\/wp-content\/uploads\/sites\/5\/2022\/04\/12f18e_5efeb30b95ca491d9a3c41f6c168a851_mv2.png"}],"twitter_card":"summary_large_image","twitter_misc":{"Est. reading time":"1 minute"},"schema":{"@context":"https:\/\/schema.org","@graph":[{"@type":"WebSite","@id":"http:\/\/itchapters.com\/france\/#website","url":"http:\/\/itchapters.com\/france\/","name":"Itchapter - France","description":"Just another IT CHAPTER Sites site","potentialAction":[{"@type":"SearchAction","target":{"@type":"EntryPoint","urlTemplate":"http:\/\/itchapters.com\/france\/?s={search_term_string}"},"query-input":"required name=search_term_string"}],"inLanguage":"en-US"},{"@type":"ImageObject","@id":"http:\/\/itchapters.com\/france\/expertise\/#primaryimage","inLanguage":"en-US","url":"http:\/\/itchapters.com\/fr\/wp-content\/uploads\/sites\/5\/2022\/04\/12f18e_5efeb30b95ca491d9a3c41f6c168a851_mv2.png","contentUrl":"http:\/\/itchapters.com\/fr\/wp-content\/uploads\/sites\/5\/2022\/04\/12f18e_5efeb30b95ca491d9a3c41f6c168a851_mv2.png"},{"@type":"WebPage","@id":"http:\/\/itchapters.com\/france\/expertise\/#webpage","url":"http:\/\/itchapters.com\/france\/expertise\/","name":"Expertise - Itchapter - France","isPartOf":{"@id":"http:\/\/itchapters.com\/france\/#website"},"primaryImageOfPage":{"@id":"http:\/\/itchapters.com\/france\/expertise\/#primaryimage"},"datePublished":"2022-04-24T16:03:52+00:00","dateModified":"2022-04-24T16:04:32+00:00","breadcrumb":{"@id":"http:\/\/itchapters.com\/france\/expertise\/#breadcrumb"},"inLanguage":"en-US","potentialAction":[{"@type":"ReadAction","target":["http:\/\/itchapters.com\/france\/expertise\/"]}]},{"@type":"BreadcrumbList","@id":"http:\/\/itchapters.com\/france\/expertise\/#breadcrumb","itemListElement":[{"@type":"ListItem","position":1,"name":"Home","item":"http:\/\/itchapters.com\/france\/"},{"@type":"ListItem","position":2,"name":"Expertise"}]}]}},"_links":{"self":[{"href":"http:\/\/itchapters.com\/france\/wp-json\/wp\/v2\/pages\/325"}],"collection":[{"href":"http:\/\/itchapters.com\/france\/wp-json\/wp\/v2\/pages"}],"about":[{"href":"http:\/\/itchapters.com\/france\/wp-json\/wp\/v2\/types\/page"}],"author":[{"embeddable":true,"href":"http:\/\/itchapters.com\/france\/wp-json\/wp\/v2\/users\/9"}],"replies":[{"embeddable":true,"href":"http:\/\/itchapters.com\/france\/wp-json\/wp\/v2\/comments?post=325"}],"version-history":[{"count":3,"href":"http:\/\/itchapters.com\/france\/wp-json\/wp\/v2\/pages\/325\/revisions"}],"predecessor-version":[{"id":447,"href":"http:\/\/itchapters.com\/france\/wp-json\/wp\/v2\/pages\/325\/revisions\/447"}],"wp:attachment":[{"href":"http:\/\/itchapters.com\/france\/wp-json\/wp\/v2\/media?parent=325"}],"curies":[{"name":"wp","href":"https:\/\/api.w.org\/{rel}","templated":true}]}}